{"id":55301,"date":"2025-03-26T09:47:33","date_gmt":"2025-03-26T08:47:33","guid":{"rendered":"https:\/\/www.fnclm.com\/wordpress\/?page_id=55301"},"modified":"2025-04-29T13:23:56","modified_gmt":"2025-04-29T11:23:56","slug":"liga-master-de-castilla-la-mancha-j4","status":"publish","type":"page","link":"https:\/\/www.fnclm.com\/wordpress\/?page_id=55301","title":{"rendered":"Liga Master de Castilla-La Mancha, J4"},"content":{"rendered":"\n<p><\/p>\n\n\n<div class=\"wp-block-image\">\n<figure class=\"aligncenter size-full is-resized\"><a href=\"https:\/\/www.fnclm.com\/wordpress\/wp-content\/uploads\/cartelj3ligamaster.png\"><img loading=\"lazy\" decoding=\"async\" width=\"2479\" height=\"3508\" src=\"https:\/\/www.fnclm.com\/wordpress\/wp-content\/uploads\/cartelj3ligamaster.png\" alt=\"\" class=\"wp-image-54320\" style=\"width:182px;height:auto\" srcset=\"https:\/\/www.fnclm.com\/wordpress\/wp-content\/uploads\/cartelj3ligamaster.png 2479w, https:\/\/www.fnclm.com\/wordpress\/wp-content\/uploads\/cartelj3ligamaster-212x300.png 212w, https:\/\/www.fnclm.com\/wordpress\/wp-content\/uploads\/cartelj3ligamaster-724x1024.png 724w, https:\/\/www.fnclm.com\/wordpress\/wp-content\/uploads\/cartelj3ligamaster-768x1087.png 768w, https:\/\/www.fnclm.com\/wordpress\/wp-content\/uploads\/cartelj3ligamaster-1085x1536.png 1085w, https:\/\/www.fnclm.com\/wordpress\/wp-content\/uploads\/cartelj3ligamaster-1447x2048.png 1447w\" sizes=\"auto, (max-width: 2479px) 100vw, 2479px\" \/><\/a><\/figure>\n<\/div>\n\n\n<h4 class=\"wp-block-heading\" id=\"fecha-y-lugar\"><strong>Fecha y lugar:<\/strong><\/h4>\n\n\n\n<ul class=\"wp-block-list\">\n<li><strong>Fecha:<\/strong> 05-06\/04\/2025<\/li>\n\n\n\n<li><strong>Zona Oeste:<\/strong> Puertollano <strong>Este:<\/strong> Hell\u00edn <strong>Zona Norte:<\/strong> Madridejos<\/li>\n<\/ul>\n\n\n\n<h4 class=\"wp-block-heading\" id=\"documentacion\">Documentaci\u00f3n<\/h4>\n\n\n\n<ul class=\"wp-block-list\">\n<li><a href=\"https:\/\/www.fnclm.com\/wordpress\/wp-content\/uploads\/Normativa_Liga_Master_2024_2025.pdf\" target=\"_blank\" rel=\"noreferrer noopener\">Normativa de la competici\u00f3n<\/a><\/li>\n\n\n\n<li><a href=\"https:\/\/www.fnclm.com\/wordpress\/wp-content\/uploads\/Normativa-V-Jornada-Liga-Territorial.pdf\">Normativa t\u00e9cnica<\/a><\/li>\n\n\n\n<li>Inscripciones Totales: <a href=\"https:\/\/www.fnclm.com\/campeonatos\/2425\/020\/n\/inscritos.pdf\" target=\"_blank\" rel=\"noreferrer noopener\">Zona Norte<\/a> &#8211; <a href=\"https:\/\/www.fnclm.com\/campeonatos\/2425\/020\/e\/inscritos.pdf\" target=\"_blank\" rel=\"noreferrer noopener\">Zona Este<\/a><a href=\"https:\/\/www.fnclm.com\/campeonatos\/2324\/017\/c\/inscritos.pdf\" target=\"_blank\" rel=\"noreferrer noopener\"> <\/a>&#8211; <a href=\"https:\/\/www.fnclm.com\/campeonatos\/2425\/020\/o\/inscritos.pdf\" target=\"_blank\" rel=\"noreferrer noopener\">Zona Oeste<\/a><\/li>\n\n\n\n<li>Listas de Salida: <a href=\"https:\/\/www.fnclm.com\/campeonatos\/2425\/020\/n\/LSalida.pdf\" target=\"_blank\" rel=\"noreferrer noopener\">Zona Norte<\/a> &#8211; <a href=\"https:\/\/www.fnclm.com\/campeonatos\/2425\/020\/e\/LSalida.pdf\" target=\"_blank\" rel=\"noreferrer noopener\">Zona Este<\/a> &#8211; <a href=\"https:\/\/www.fnclm.com\/campeonatos\/2425\/020\/o\/LSalida.pdf\" target=\"_blank\" rel=\"noreferrer noopener\">Zona Oeste<\/a><\/li>\n\n\n\n<li><a href=\"https:\/\/www.fnclm.com\/campeonatos\/2425\/020\/resultados_completos_globales_J4.pdf\" target=\"_blank\" rel=\"noreferrer noopener\">Resultados Globales Completos<\/a><\/li>\n\n\n\n<li><a href=\"https:\/\/www.fnclm.com\/campeonatos\/2425\/020\/resultados_completos_globales_J4_puntosLiga.pdf\" target=\"_blank\" rel=\"noreferrer noopener\">Resultados Globales completos con puntuaci\u00f3n<\/a> <\/li>\n\n\n\n<li>Clasificaci\u00f3n General Por Clubes J4: <a href=\"https:\/\/www.fnclm.com\/campeonatos\/2425\/020\/Puntos_Primera_J4.pdf\" target=\"_blank\" rel=\"noreferrer noopener\">1\u00aa Divisi\u00f3n<\/a> &#8211; <a href=\"https:\/\/www.fnclm.com\/campeonatos\/2425\/020\/Puntos_Segunda_J4.pdf\" target=\"_blank\" rel=\"noreferrer noopener\">2\u00aa Divisi\u00f3n<\/a> &#8211; <a href=\"https:\/\/www.fnclm.com\/campeonatos\/2425\/020\/Puntos_Tercera_J4.pdf\" target=\"_blank\" rel=\"noreferrer noopener\">3\u00aa Divisi\u00f3n<\/a><\/li>\n\n\n\n<li><a href=\"https:\/\/www.fnclm.com\/campeonatos\/2425\/020\/hexatlon_femenino.pdf\" target=\"_blank\" rel=\"noreferrer noopener\">Clasificaci\u00f3n hexatl\u00f3n por categor\u00edas femenino<\/a><\/li>\n\n\n\n<li><a href=\"https:\/\/www.fnclm.com\/campeonatos\/2425\/020\/hexatlon_masculino.pdf\" target=\"_blank\" rel=\"noreferrer noopener\">Clasificaci\u00f3n hexatl\u00f3n por categor\u00edas masculino<\/a><\/li>\n\n\n\n<li><a href=\"https:\/\/www.fnclm.com\/campeonatos\/2425\/020\/supermaster_femenino.pdf\" target=\"_blank\" rel=\"noreferrer noopener\">Clasificaci\u00f3n individual Supermaster femenino<\/a><\/li>\n\n\n\n<li><a href=\"https:\/\/www.fnclm.com\/campeonatos\/2425\/020\/supermaster_masculino.pdf\" target=\"_blank\" rel=\"noreferrer noopener\">Clasificaci\u00f3n individual Supermaster masculino<\/a><\/li>\n<\/ul>\n\n\n\n<iframe loading=\"lazy\" src=\"https:\/\/www.fnclm.com\/campeonatos\/2425\/020\/n\/\" frameborder=\"0\" width=\"1000px\" height=\"600\" align=\"center\"><\/iframe>\n\n\n\n<iframe loading=\"lazy\" src=\"https:\/\/www.fnclm.com\/campeonatos\/2425\/020\/e\/\" frameborder=\"0\" width=\"1000px\" height=\"600\" align=\"center\"><\/iframe>\n\n\n\n<iframe loading=\"lazy\" src=\"https:\/\/www.fnclm.com\/campeonatos\/2425\/020\/o\/\" frameborder=\"0\" width=\"1000px\" height=\"600\" align=\"center\"><\/iframe>\n\n\n\n<p><\/p>\n","protected":false},"excerpt":{"rendered":"<p>Fecha y lugar: Documentaci\u00f3n<\/p>\n","protected":false},"author":590,"featured_media":0,"parent":0,"menu_order":0,"comment_status":"closed","ping_status":"closed","template":"","meta":{"_genesis_hide_title":false,"_genesis_hide_breadcrumbs":false,"_genesis_hide_singular_image":false,"_genesis_hide_footer_widgets":false,"_genesis_custom_body_class":"","_genesis_custom_post_class":"","_genesis_layout":"full-width-content","footnotes":""},"class_list":{"0":"post-55301","1":"page","2":"type-page","3":"status-publish","5":"entry"},"featured_image_src":null,"featured_image_src_square":null,"_links":{"self":[{"href":"https:\/\/www.fnclm.com\/wordpress\/index.php?rest_route=\/wp\/v2\/pages\/55301","targetHints":{"allow":["GET"]}}],"collection":[{"href":"https:\/\/www.fnclm.com\/wordpress\/index.php?rest_route=\/wp\/v2\/pages"}],"about":[{"href":"https:\/\/www.fnclm.com\/wordpress\/index.php?rest_route=\/wp\/v2\/types\/page"}],"author":[{"embeddable":true,"href":"https:\/\/www.fnclm.com\/wordpress\/index.php?rest_route=\/wp\/v2\/users\/590"}],"replies":[{"embeddable":true,"href":"https:\/\/www.fnclm.com\/wordpress\/index.php?rest_route=%2Fwp%2Fv2%2Fcomments&post=55301"}],"version-history":[{"count":10,"href":"https:\/\/www.fnclm.com\/wordpress\/index.php?rest_route=\/wp\/v2\/pages\/55301\/revisions"}],"predecessor-version":[{"id":55531,"href":"https:\/\/www.fnclm.com\/wordpress\/index.php?rest_route=\/wp\/v2\/pages\/55301\/revisions\/55531"}],"wp:attachment":[{"href":"https:\/\/www.fnclm.com\/wordpress\/index.php?rest_route=%2Fwp%2Fv2%2Fmedia&parent=55301"}],"curies":[{"name":"wp","href":"https:\/\/api.w.org\/{rel}","templated":true}]}}