{"id":52863,"date":"2024-07-05T21:55:09","date_gmt":"2024-07-05T19:55:09","guid":{"rendered":"https:\/\/www.fnclm.com\/wordpress\/?page_id=52863"},"modified":"2024-09-16T19:06:02","modified_gmt":"2024-09-16T17:06:02","slug":"vi-campeonato-de-castilla-la-mancha-open-de-aguas-abiertas","status":"publish","type":"page","link":"https:\/\/www.fnclm.com\/wordpress\/?page_id=52863","title":{"rendered":"VI CAMPEONATO DE CASTILLA LA MANCHA OPEN DE AGUAS ABIERTAS"},"content":{"rendered":"\n<figure class=\"wp-block-image size-large\"><a href=\"https:\/\/www.fnclm.com\/wordpress\/wp-content\/uploads\/Cartel_Cto_CLM_Aguas_Abiertas_2024.jpg\"><img loading=\"lazy\" decoding=\"async\" width=\"1024\" height=\"577\" src=\"https:\/\/www.fnclm.com\/wordpress\/wp-content\/uploads\/Cartel_Cto_CLM_Aguas_Abiertas_2024-1024x577.jpg\" alt=\"\" class=\"wp-image-53124\" srcset=\"https:\/\/www.fnclm.com\/wordpress\/wp-content\/uploads\/Cartel_Cto_CLM_Aguas_Abiertas_2024-1024x577.jpg 1024w, https:\/\/www.fnclm.com\/wordpress\/wp-content\/uploads\/Cartel_Cto_CLM_Aguas_Abiertas_2024-300x169.jpg 300w, https:\/\/www.fnclm.com\/wordpress\/wp-content\/uploads\/Cartel_Cto_CLM_Aguas_Abiertas_2024-768x433.jpg 768w, https:\/\/www.fnclm.com\/wordpress\/wp-content\/uploads\/Cartel_Cto_CLM_Aguas_Abiertas_2024.jpg 1291w\" sizes=\"auto, (max-width: 1024px) 100vw, 1024px\" \/><\/a><\/figure>\n\n\n\n<ul class=\"wp-block-list\">\n<li><a href=\"https:\/\/www.fnclm.com\/wordpress\/wp-content\/uploads\/AGUAS_ABIERTAS_2024.pdf\">Ver normativa <\/a><\/li>\n\n\n\n<li><a href=\"https:\/\/www.fnclm.com\/wordpress\/wp-content\/uploads\/Inscritos_Nadadores.pdf\">LISTADO PROVISIONAL NADADORES FEDERADOS<\/a><\/li>\n\n\n\n<li><a href=\"https:\/\/www.fnclm.com\/wordpress\/wp-content\/uploads\/Inscritos_MASTER.pdf\">LISTADO PROVISIONAL NADADORES MASTER FEDERADOS<\/a><\/li>\n\n\n\n<li><a href=\"https:\/\/youevent.es\/sport\/listado_publico.asp\">LISTADO NADADORES INDEPENDIENTES<\/a><\/li>\n\n\n\n<li><a href=\"https:\/\/www.fnclm.com\/wordpress\/wp-content\/uploads\/InstruccionesAA24.pdf\">INSTRUCCIONES T\u00c9CNICAS<\/a><\/li>\n\n\n\n<li><a href=\"https:\/\/www.fnclm.com\/wordpress\/wp-content\/uploads\/ficha-relevosAA24.pdf\">FICHA DE RELEVOS<\/a><\/li>\n<\/ul>\n\n\n\n<p>RESULTADOS<\/p>\n\n\n\n<ul class=\"wp-block-list\">\n<li><a href=\"https:\/\/youevent.es\/sport\/multimedia\/clasificaciones\/ClasificacionVICAMPEONATODECASTILLALAMANCHAOPENDEAGUASABIERTAS-0.pdf\">3000 m &#8211; Orden de Llegada<\/a><br><a href=\"https:\/\/youevent.es\/sport\/multimedia\/clasificaciones\/ClasificacionVICAMPEONATODECASTILLALAMANCHAOPENDEAGUASABIERTAS-1.pdf\">3000 m &#8211; Absoluta por SEXO<\/a><br><a href=\"https:\/\/youevent.es\/sport\/multimedia\/clasificaciones\/ClasificacionVICAMPEONATODECASTILLALAMANCHAOPENDEAGUASABIERTAS-2.pdf\">3000 m &#8211; Podium Categor\u00edas MASTER<\/a><br><a href=\"https:\/\/youevent.es\/sport\/multimedia\/clasificaciones\/ClasificacionVICAMPEONATODECASTILLALAMANCHAOPENDEAGUASABIERTAS-3.pdf\">1000 m &#8211; Orden de Llegada<\/a><br><a href=\"https:\/\/youevent.es\/sport\/multimedia\/clasificaciones\/ClasificacionVICAMPEONATODECASTILLALAMANCHAOPENDEAGUASABIERTAS-4.pdf\">1000 m &#8211; Clasificaci\u00f3n Benjam\u00edn &amp; Alev\u00edn<\/a><br><a href=\"https:\/\/youevent.es\/sport\/multimedia\/clasificaciones\/ClasificacionVICAMPEONATODECASTILLALAMANCHAOPENDEAGUASABIERTAS-5.pdf\">1000 m &#8211; Podium Categor\u00edas Benjam\u00edn &amp; Alev\u00edn<\/a><br><a href=\"https:\/\/youevent.es\/sport\/multimedia\/clasificaciones\/ClasificacionVICAMPEONATODECASTILLALAMANCHAOPENDEAGUASABIERTAS-6.pdf\">1000 m &#8211; PROMO &#8211; Orden de Llegada<\/a><br><a href=\"https:\/\/youevent.es\/sport\/multimedia\/clasificaciones\/ClasificacionVICAMPEONATODECASTILLALAMANCHAOPENDEAGUASABIERTAS-7.pdf\">4&#215;1000 m &#8211; RELEVOS &#8211; Orden de Llegada<\/a><br><a href=\"https:\/\/youevent.es\/sport\/multimedia\/clasificaciones\/ClasificacionVICAMPEONATODECASTILLALAMANCHAOPENDEAGUASABIERTAS-8.pdf\">4&#215;1000 m &#8211; RELEVOS &#8211; Por CATEGOR\u00cdAS<\/a><br><a href=\"https:\/\/youevent.es\/sport\/multimedia\/clasificaciones\/ClasificacionVICAMPEONATODECASTILLALAMANCHAOPENDEAGUASABIERTAS-9.pdf\">Clubes FEMENINA &#8211; Master<\/a><br><a href=\"https:\/\/youevent.es\/sport\/multimedia\/clasificaciones\/ClasificacionVICAMPEONATODECASTILLALAMANCHAOPENDEAGUASABIERTAS-10.pdf\">Clubes MASCULINA &#8211; M\u00e1ster<\/a><br><a href=\"https:\/\/youevent.es\/sport\/multimedia\/clasificaciones\/ClasificacionVICAMPEONATODECASTILLALAMANCHAOPENDEAGUASABIERTAS-11.pdf\">Clubes CONJUNTA &#8211; M\u00e1ster<\/a><br><a href=\"https:\/\/youevent.es\/sport\/multimedia\/clasificaciones\/ClasificacionVICAMPEONATODECASTILLALAMANCHAOPENDEAGUASABIERTAS-12.pdf\">5000 m &#8211; Orden de Llegada<\/a><\/li>\n<\/ul>\n","protected":false},"excerpt":{"rendered":"<p>RESULTADOS<\/p>\n","protected":false},"author":587,"featured_media":0,"parent":0,"menu_order":0,"comment_status":"closed","ping_status":"closed","template":"","meta":{"_genesis_hide_title":false,"_genesis_hide_breadcrumbs":false,"_genesis_hide_singular_image":false,"_genesis_hide_footer_widgets":false,"_genesis_custom_body_class":"","_genesis_custom_post_class":"","_genesis_layout":"full-width-content","footnotes":""},"class_list":{"0":"post-52863","1":"page","2":"type-page","3":"status-publish","5":"entry"},"featured_image_src":null,"featured_image_src_square":null,"_links":{"self":[{"href":"https:\/\/www.fnclm.com\/wordpress\/index.php?rest_route=\/wp\/v2\/pages\/52863","targetHints":{"allow":["GET"]}}],"collection":[{"href":"https:\/\/www.fnclm.com\/wordpress\/index.php?rest_route=\/wp\/v2\/pages"}],"about":[{"href":"https:\/\/www.fnclm.com\/wordpress\/index.php?rest_route=\/wp\/v2\/types\/page"}],"author":[{"embeddable":true,"href":"https:\/\/www.fnclm.com\/wordpress\/index.php?rest_route=\/wp\/v2\/users\/587"}],"replies":[{"embeddable":true,"href":"https:\/\/www.fnclm.com\/wordpress\/index.php?rest_route=%2Fwp%2Fv2%2Fcomments&post=52863"}],"version-history":[{"count":8,"href":"https:\/\/www.fnclm.com\/wordpress\/index.php?rest_route=\/wp\/v2\/pages\/52863\/revisions"}],"predecessor-version":[{"id":53231,"href":"https:\/\/www.fnclm.com\/wordpress\/index.php?rest_route=\/wp\/v2\/pages\/52863\/revisions\/53231"}],"wp:attachment":[{"href":"https:\/\/www.fnclm.com\/wordpress\/index.php?rest_route=%2Fwp%2Fv2%2Fmedia&parent=52863"}],"curies":[{"name":"wp","href":"https:\/\/api.w.org\/{rel}","templated":true}]}}