{"id":50938,"date":"2023-11-10T10:22:37","date_gmt":"2023-11-10T09:22:37","guid":{"rendered":"https:\/\/www.fnclm.com\/wordpress\/?page_id=50938"},"modified":"2023-11-20T15:06:23","modified_gmt":"2023-11-20T14:06:23","slug":"campeonato-provincial-inverno-albacete-23-24","status":"publish","type":"page","link":"https:\/\/www.fnclm.com\/wordpress\/?page_id=50938","title":{"rendered":"Campeonato Provincial Inverno Albacete 23\/24"},"content":{"rendered":"<div class=\"wp-block-image\">\n<figure class=\"aligncenter size-medium\"><a href=\"https:\/\/www.fnclm.com\/wordpress\/wp-content\/uploads\/Provincial_Albacete_1-1.png\"><img loading=\"lazy\" decoding=\"async\" width=\"300\" height=\"212\" src=\"https:\/\/www.fnclm.com\/wordpress\/wp-content\/uploads\/Provincial_Albacete_1-1-300x212.png\" alt=\"\" class=\"wp-image-50949\" srcset=\"https:\/\/www.fnclm.com\/wordpress\/wp-content\/uploads\/Provincial_Albacete_1-1-300x212.png 300w, https:\/\/www.fnclm.com\/wordpress\/wp-content\/uploads\/Provincial_Albacete_1-1-1024x724.png 1024w, https:\/\/www.fnclm.com\/wordpress\/wp-content\/uploads\/Provincial_Albacete_1-1-768x543.png 768w, https:\/\/www.fnclm.com\/wordpress\/wp-content\/uploads\/Provincial_Albacete_1-1.png 1169w\" sizes=\"auto, (max-width: 300px) 100vw, 300px\" \/><\/a><\/figure>\n<\/div>\n\n\n<h4 class=\"wp-block-heading\" id=\"fecha-y-lugar\"><strong>Fecha y lugar:<\/strong><\/h4>\n\n\n\n<ul class=\"wp-block-list\">\n<li><strong>Fecha:<\/strong> 18\/11\/2023<\/li>\n\n\n\n<li><strong>Lugar:<\/strong> Villarrobledo .<\/li>\n\n\n\n<li><strong>Hora de Comienzo:<\/strong>  10:00 y 16:30<\/li>\n\n\n\n<li><strong>Aplicaci\u00f3n Splashme: <a rel=\"noreferrer noopener\" href=\"https:\/\/play.google.com\/store\/apps\/details?id=com.splashme\" target=\"_blank\">Android<\/a> <a rel=\"noreferrer noopener\" href=\"https:\/\/apps.apple.com\/es\/app\/splashme\/id584805809\" target=\"_blank\">Apple<\/a><\/strong><\/li>\n<\/ul>\n\n\n\n<h4 class=\"wp-block-heading\" id=\"documentacion\">Documentaci\u00f3n<\/h4>\n\n\n\n<ul class=\"wp-block-list\">\n<li><a href=\"https:\/\/www.fnclm.com\/wordpress\/wp-content\/uploads\/Normativa_Prov_Invierno_Albacete_2023_2024.pdf\" target=\"_blank\" rel=\"noreferrer noopener\">Normativa de la competici\u00f3n<\/a><\/li>\n\n\n\n<li><a href=\"https:\/\/www.fnclm.com\/campeonatos\/2324\/007\/inscritos.pdf\" target=\"_blank\" rel=\"noreferrer noopener\">Inscripciones<\/a><\/li>\n\n\n\n<li>Instrucciones T\u00e9cnicas<\/li>\n\n\n\n<li>Listas de Salida: <a href=\"https:\/\/www.fnclm.com\/campeonatos\/2324\/007\/LSalida_S1.pdf\" data-type=\"link\" data-id=\"https:\/\/www.fnclm.com\/campeonatos\/2324\/007\/inscritos.pdf\" target=\"_blank\" rel=\"noreferrer noopener\">Sesi\u00f3n 1<\/a> &#8211; <a href=\"https:\/\/www.fnclm.com\/campeonatos\/2324\/007\/LSalida_S2.pdf\" data-type=\"link\" data-id=\"https:\/\/www.fnclm.com\/campeonatos\/2324\/007\/LSalida_S1.pdf\" target=\"_blank\" rel=\"noreferrer noopener\">Sesi\u00f3n 2 <\/a><\/li>\n\n\n\n<li>Resultados completos: <a href=\"https:\/\/www.fnclm.com\/campeonatos\/2324\/007\/resultados_completos_sesion1.pdf\">Sesi\u00f3n 1<\/a> &#8211; <a href=\"https:\/\/www.fnclm.com\/campeonatos\/2324\/007\/resultados_completos_sesion2.pdf\">Sesi\u00f3n 2 <\/a><\/li>\n<\/ul>\n\n\n\n<p><strong>No ser\u00e1 posible la retransmisi\u00f3n de este campeonato. Sentimos las molestias<\/strong><\/p>\n\n\n\n<iframe loading=\"lazy\" src=\"https:\/\/www.fnclm.com\/campeonatos\/2324\/007\/\" frameborder=\"0\" width=\"1000px\" height=\"700\" align=\"center\"><\/iframe>\n","protected":false},"excerpt":{"rendered":"<p>Fecha y lugar: Documentaci\u00f3n No ser\u00e1 posible la retransmisi\u00f3n de este campeonato. Sentimos las molestias<\/p>\n","protected":false},"author":588,"featured_media":0,"parent":0,"menu_order":0,"comment_status":"closed","ping_status":"closed","template":"","meta":{"_genesis_hide_title":false,"_genesis_hide_breadcrumbs":false,"_genesis_hide_singular_image":false,"_genesis_hide_footer_widgets":false,"_genesis_custom_body_class":"","_genesis_custom_post_class":"","_genesis_layout":"full-width-content","footnotes":""},"class_list":{"0":"post-50938","1":"page","2":"type-page","3":"status-publish","5":"entry"},"featured_image_src":null,"featured_image_src_square":null,"_links":{"self":[{"href":"https:\/\/www.fnclm.com\/wordpress\/index.php?rest_route=\/wp\/v2\/pages\/50938","targetHints":{"allow":["GET"]}}],"collection":[{"href":"https:\/\/www.fnclm.com\/wordpress\/index.php?rest_route=\/wp\/v2\/pages"}],"about":[{"href":"https:\/\/www.fnclm.com\/wordpress\/index.php?rest_route=\/wp\/v2\/types\/page"}],"author":[{"embeddable":true,"href":"https:\/\/www.fnclm.com\/wordpress\/index.php?rest_route=\/wp\/v2\/users\/588"}],"replies":[{"embeddable":true,"href":"https:\/\/www.fnclm.com\/wordpress\/index.php?rest_route=%2Fwp%2Fv2%2Fcomments&post=50938"}],"version-history":[{"count":9,"href":"https:\/\/www.fnclm.com\/wordpress\/index.php?rest_route=\/wp\/v2\/pages\/50938\/revisions"}],"predecessor-version":[{"id":53838,"href":"https:\/\/www.fnclm.com\/wordpress\/index.php?rest_route=\/wp\/v2\/pages\/50938\/revisions\/53838"}],"wp:attachment":[{"href":"https:\/\/www.fnclm.com\/wordpress\/index.php?rest_route=%2Fwp%2Fv2%2Fmedia&parent=50938"}],"curies":[{"name":"wp","href":"https:\/\/api.w.org\/{rel}","templated":true}]}}