{"id":47991,"date":"2022-11-07T12:14:10","date_gmt":"2022-11-07T11:14:10","guid":{"rendered":"https:\/\/www.fnclm.com\/wordpress\/?page_id=47991"},"modified":"2022-11-12T19:30:16","modified_gmt":"2022-11-12T18:30:16","slug":"circuito-castellano-manchego-natacion-j2","status":"publish","type":"page","link":"https:\/\/www.fnclm.com\/wordpress\/?page_id=47991","title":{"rendered":"Circuito Castellano Manchego Nataci\u00f3n, J2"},"content":{"rendered":"<div class=\"wp-block-image\">\n<figure class=\"aligncenter size-medium\"><a href=\"https:\/\/www.fnclm.com\/wordpress\/wp-content\/uploads\/Liga2.png\"><img loading=\"lazy\" decoding=\"async\" width=\"212\" height=\"300\" src=\"https:\/\/www.fnclm.com\/wordpress\/wp-content\/uploads\/Liga2-212x300.png\" alt=\"\" class=\"wp-image-47992\" srcset=\"https:\/\/www.fnclm.com\/wordpress\/wp-content\/uploads\/Liga2-212x300.png 212w, https:\/\/www.fnclm.com\/wordpress\/wp-content\/uploads\/Liga2-724x1024.png 724w, https:\/\/www.fnclm.com\/wordpress\/wp-content\/uploads\/Liga2-768x1087.png 768w, https:\/\/www.fnclm.com\/wordpress\/wp-content\/uploads\/Liga2-1085x1536.png 1085w, https:\/\/www.fnclm.com\/wordpress\/wp-content\/uploads\/Liga2-1447x2048.png 1447w, https:\/\/www.fnclm.com\/wordpress\/wp-content\/uploads\/Liga2-1320x1868.png 1320w\" sizes=\"auto, (max-width: 212px) 100vw, 212px\" \/><\/a><\/figure>\n<\/div>\n\n\n<h4 class=\"wp-block-heading\" id=\"fecha-y-lugar\"><strong>Fecha y lugar:<\/strong><\/h4>\n\n\n\n<ul class=\"wp-block-list\">\n<li><strong>Fecha:<\/strong> 12\/11\/2022<\/li>\n\n\n\n<li><strong>Lugar:<\/strong> Tomelloso.<\/li>\n\n\n\n<li><strong>Hora de Comienzo:<\/strong>   Sesi\u00f3n Ma\u00f1ana: 10:00 . Sesi\u00f3n de Tarde: 16:30         <\/li>\n\n\n\n<li><strong>NO SE PERMITIR\u00c1 ACCESO AL P\u00daBLICO.<\/strong><\/li>\n\n\n\n<li><strong>Aplicaci\u00f3n Splashme: <a rel=\"noreferrer noopener\" href=\"https:\/\/play.google.com\/store\/apps\/details?id=com.splashme\" target=\"_blank\">Android<\/a> <a rel=\"noreferrer noopener\" href=\"https:\/\/apps.apple.com\/es\/app\/splashme\/id584805809\" target=\"_blank\">Apple<\/a><\/strong><\/li>\n<\/ul>\n\n\n\n<h4 class=\"wp-block-heading\" id=\"documentacion\">Documentaci\u00f3n<\/h4>\n\n\n\n<ul class=\"wp-block-list\">\n<li><a rel=\"noreferrer noopener\" href=\"https:\/\/www.fnclm.com\/wordpress\/wp-content\/uploads\/N_3_Normativa_Circuito_22_23.pdf\" target=\"_blank\">Normativa de la competici\u00f3n<\/a><\/li>\n\n\n\n<li><a href=\"https:\/\/www.fnclm.com\/campeonatos\/2223\/004\/Normativa_Tecnica_Circuito.pdf\" target=\"_blank\" rel=\"noreferrer noopener\">Instrucciones T\u00e9cnicas<\/a><\/li>\n\n\n\n<li><a href=\"https:\/\/www.fnclm.com\/campeonatos\/2223\/004\/inscritos.pdf\" target=\"_blank\" rel=\"noreferrer noopener\">Inscripciones<\/a><\/li>\n\n\n\n<li>Listas de Salida:&nbsp;<a href=\"https:\/\/www.fnclm.com\/campeonatos\/2223\/004\/LSalida_S1.pdf\" target=\"_blank\" rel=\"noreferrer noopener\">Sesi\u00f3n&nbsp;1<\/a>&nbsp;&#8211;&nbsp;<a href=\"https:\/\/www.fnclm.com\/campeonatos\/2223\/004\/LSalida_S2.pdf\" target=\"_blank\" rel=\"noreferrer noopener\">Sesi\u00f3n&nbsp;2<\/a><\/li>\n\n\n\n<li>Resultados completos: <a rel=\"noreferrer noopener\" href=\"https:\/\/www.fnclm.com\/campeonatos\/2223\/004\/resultados_completos_sesion1.pdf\" target=\"_blank\">Sesi\u00f3n\u00a01<\/a>\u00a0&#8211;\u00a0<a href=\"https:\/\/www.fnclm.com\/campeonatos\/2223\/004\/resultados_completos_sesion2.pdf\" target=\"_blank\" rel=\"noreferrer noopener\">Sesi\u00f3n\u00a02<\/a><\/li>\n<\/ul>\n\n\n\n<p><strong>No ser\u00e1 posible la retransmisi\u00f3n de este campeonato. Sentimos las molestias<\/strong><\/p>\n\n\n\n<iframe loading=\"lazy\" src=\"https:\/\/www.fnclm.com\/campeonatos\/2223\/004\/\" frameborder=\"0\" width=\"1000px\" height=\"700\" align=\"center\"><\/iframe>\n","protected":false},"excerpt":{"rendered":"<p>Fecha y lugar: Documentaci\u00f3n No ser\u00e1 posible la retransmisi\u00f3n de este campeonato. Sentimos las molestias<\/p>\n","protected":false},"author":588,"featured_media":0,"parent":0,"menu_order":0,"comment_status":"closed","ping_status":"closed","template":"","meta":{"_genesis_hide_title":false,"_genesis_hide_breadcrumbs":false,"_genesis_hide_singular_image":false,"_genesis_hide_footer_widgets":false,"_genesis_custom_body_class":"","_genesis_custom_post_class":"","_genesis_layout":"full-width-content","footnotes":""},"class_list":{"0":"post-47991","1":"page","2":"type-page","3":"status-publish","5":"entry"},"featured_image_src":null,"featured_image_src_square":null,"_links":{"self":[{"href":"https:\/\/www.fnclm.com\/wordpress\/index.php?rest_route=\/wp\/v2\/pages\/47991","targetHints":{"allow":["GET"]}}],"collection":[{"href":"https:\/\/www.fnclm.com\/wordpress\/index.php?rest_route=\/wp\/v2\/pages"}],"about":[{"href":"https:\/\/www.fnclm.com\/wordpress\/index.php?rest_route=\/wp\/v2\/types\/page"}],"author":[{"embeddable":true,"href":"https:\/\/www.fnclm.com\/wordpress\/index.php?rest_route=\/wp\/v2\/users\/588"}],"replies":[{"embeddable":true,"href":"https:\/\/www.fnclm.com\/wordpress\/index.php?rest_route=%2Fwp%2Fv2%2Fcomments&post=47991"}],"version-history":[{"count":7,"href":"https:\/\/www.fnclm.com\/wordpress\/index.php?rest_route=\/wp\/v2\/pages\/47991\/revisions"}],"predecessor-version":[{"id":48063,"href":"https:\/\/www.fnclm.com\/wordpress\/index.php?rest_route=\/wp\/v2\/pages\/47991\/revisions\/48063"}],"wp:attachment":[{"href":"https:\/\/www.fnclm.com\/wordpress\/index.php?rest_route=%2Fwp%2Fv2%2Fmedia&parent=47991"}],"curies":[{"name":"wp","href":"https:\/\/api.w.org\/{rel}","templated":true}]}}