{"id":46961,"date":"2022-06-06T10:53:05","date_gmt":"2022-06-06T08:53:05","guid":{"rendered":"https:\/\/www.fnclm.com\/wordpress\/?page_id=46961"},"modified":"2022-06-11T19:58:32","modified_gmt":"2022-06-11T17:58:32","slug":"xxiv-trofeo-de-natacion-memorial-toni-cuenca","status":"publish","type":"page","link":"https:\/\/www.fnclm.com\/wordpress\/?page_id=46961","title":{"rendered":"XXIV Trofeo de Nataci\u00f3n Memorial Toni Cuenca."},"content":{"rendered":"<div class=\"wp-block-image\">\n<figure class=\"aligncenter size-medium\"><a href=\"https:\/\/www.fnclm.com\/wordpress\/wp-content\/uploads\/XXIVMTC.png\"><img loading=\"lazy\" decoding=\"async\" width=\"300\" height=\"200\" src=\"https:\/\/www.fnclm.com\/wordpress\/wp-content\/uploads\/XXIVMTC-300x200.png\" alt=\"\" class=\"wp-image-46962\" srcset=\"https:\/\/www.fnclm.com\/wordpress\/wp-content\/uploads\/XXIVMTC-300x200.png 300w, https:\/\/www.fnclm.com\/wordpress\/wp-content\/uploads\/XXIVMTC-1024x683.png 1024w, https:\/\/www.fnclm.com\/wordpress\/wp-content\/uploads\/XXIVMTC-768x512.png 768w, https:\/\/www.fnclm.com\/wordpress\/wp-content\/uploads\/XXIVMTC-1536x1025.png 1536w, https:\/\/www.fnclm.com\/wordpress\/wp-content\/uploads\/XXIVMTC-2048x1367.png 2048w, https:\/\/www.fnclm.com\/wordpress\/wp-content\/uploads\/XXIVMTC-600x400.png 600w\" sizes=\"auto, (max-width: 300px) 100vw, 300px\" \/><\/a><\/figure>\n<\/div>\n\n\n<h4 class=\"wp-block-heading\" id=\"documentacion\">Documentaci\u00f3n<\/h4>\n\n\n\n<ul class=\"wp-block-list\"><li><a rel=\"noreferrer noopener\" href=\"https:\/\/www.fnclm.com\/wordpress\/wp-content\/uploads\/XXIV_MEMORIAL_TONI_CUENCA_2022.pdf\" target=\"_blank\">Normativa de la competici\u00f3n<\/a><\/li><li><a href=\"https:\/\/www.fnclm.com\/campeonatos\/2021\/056\/inscritos.pdf\">Inscripciones Totales<\/a><\/li><li>Listas de Salida: <a rel=\"noreferrer noopener\" href=\"https:\/\/www.fnclm.com\/campeonatos\/2021\/056\/LSalida_S1.pdf\" target=\"_blank\">Sesi\u00f3n 1<\/a> &#8211; <a href=\"https:\/\/www.fnclm.com\/campeonatos\/2021\/056\/LSalida_S2.pdf\">Sesi\u00f3n 2<\/a><\/li><li>Resultados completos: <a rel=\"noreferrer noopener\" href=\"https:\/\/www.fnclm.com\/campeonatos\/2021\/056\/resultados_completos_sesion1.pdf\" target=\"_blank\">Sesi\u00f3n 1<\/a> &#8211; <a href=\"https:\/\/www.fnclm.com\/campeonatos\/2021\/056\/resultados_completos_sesion2.pdf\" target=\"_blank\" rel=\"noreferrer noopener\">Sesi\u00f3n 2<\/a><\/li><\/ul>\n\n\n\n<iframe loading=\"lazy\" src=\"https:\/\/www.fnclm.com\/campeonatos\/2021\/056\/\" width=\"1000px\" height=\"550\" align=\"center\" frameborder=\"0\"><\/iframe>\n","protected":false},"excerpt":{"rendered":"<p>Documentaci\u00f3n Normativa de la competici\u00f3n Inscripciones Totales Listas de Salida: Sesi\u00f3n 1 &#8211; Sesi\u00f3n 2 Resultados completos: Sesi\u00f3n 1 &#8211; Sesi\u00f3n 2<\/p>\n","protected":false},"author":588,"featured_media":0,"parent":0,"menu_order":0,"comment_status":"closed","ping_status":"closed","template":"","meta":{"_genesis_hide_title":false,"_genesis_hide_breadcrumbs":false,"_genesis_hide_singular_image":false,"_genesis_hide_footer_widgets":false,"_genesis_custom_body_class":"","_genesis_custom_post_class":"","_genesis_layout":"full-width-content","footnotes":""},"class_list":{"0":"post-46961","1":"page","2":"type-page","3":"status-publish","5":"entry"},"featured_image_src":null,"featured_image_src_square":null,"_links":{"self":[{"href":"https:\/\/www.fnclm.com\/wordpress\/index.php?rest_route=\/wp\/v2\/pages\/46961","targetHints":{"allow":["GET"]}}],"collection":[{"href":"https:\/\/www.fnclm.com\/wordpress\/index.php?rest_route=\/wp\/v2\/pages"}],"about":[{"href":"https:\/\/www.fnclm.com\/wordpress\/index.php?rest_route=\/wp\/v2\/types\/page"}],"author":[{"embeddable":true,"href":"https:\/\/www.fnclm.com\/wordpress\/index.php?rest_route=\/wp\/v2\/users\/588"}],"replies":[{"embeddable":true,"href":"https:\/\/www.fnclm.com\/wordpress\/index.php?rest_route=%2Fwp%2Fv2%2Fcomments&post=46961"}],"version-history":[{"count":5,"href":"https:\/\/www.fnclm.com\/wordpress\/index.php?rest_route=\/wp\/v2\/pages\/46961\/revisions"}],"predecessor-version":[{"id":46985,"href":"https:\/\/www.fnclm.com\/wordpress\/index.php?rest_route=\/wp\/v2\/pages\/46961\/revisions\/46985"}],"wp:attachment":[{"href":"https:\/\/www.fnclm.com\/wordpress\/index.php?rest_route=%2Fwp%2Fv2%2Fmedia&parent=46961"}],"curies":[{"name":"wp","href":"https:\/\/api.w.org\/{rel}","templated":true}]}}