{"id":45774,"date":"2022-01-14T13:37:31","date_gmt":"2022-01-14T12:37:31","guid":{"rendered":"https:\/\/www.fnclm.com\/wordpress\/?page_id=45774"},"modified":"2022-01-23T18:28:13","modified_gmt":"2022-01-23T17:28:13","slug":"cto-regional-castilla-la-mancha-junior-absoluto-2022","status":"publish","type":"page","link":"https:\/\/www.fnclm.com\/wordpress\/?page_id=45774","title":{"rendered":"Cto Regional Castilla-La Mancha Junior Absoluto 2022"},"content":{"rendered":"\n<div class=\"wp-block-image\"><figure class=\"aligncenter size-medium\"><a href=\"https:\/\/www.fnclm.com\/wordpress\/wp-content\/uploads\/KUpXk.png\"><img loading=\"lazy\" decoding=\"async\" width=\"212\" height=\"300\" src=\"https:\/\/www.fnclm.com\/wordpress\/wp-content\/uploads\/KUpXk-212x300.png\" alt=\"\" class=\"wp-image-45775\" srcset=\"https:\/\/www.fnclm.com\/wordpress\/wp-content\/uploads\/KUpXk-212x300.png 212w, https:\/\/www.fnclm.com\/wordpress\/wp-content\/uploads\/KUpXk-724x1024.png 724w, https:\/\/www.fnclm.com\/wordpress\/wp-content\/uploads\/KUpXk-768x1086.png 768w, https:\/\/www.fnclm.com\/wordpress\/wp-content\/uploads\/KUpXk-1086x1536.png 1086w, https:\/\/www.fnclm.com\/wordpress\/wp-content\/uploads\/KUpXk.png 1190w\" sizes=\"auto, (max-width: 212px) 100vw, 212px\" \/><\/a><\/figure><\/div>\n\n\n\n<h4 class=\"wp-block-heading\"><strong>Fecha y lugar:<\/strong><\/h4>\n\n\n\n<ul class=\"wp-block-list\"><li><strong>Fecha:<\/strong> 22-23\/01\/2022<\/li><li><strong>Lugar:<\/strong> Talavera de la Reina.<\/li><li><strong>Hora de Comienzo:<\/strong>  S\u00e1bado 11 horas y 16:30 horas. Domingo 11 horas y 16:30 horas.                   <\/li><li><strong>Aplicaci\u00f3n Splashme: <a rel=\"noreferrer noopener\" href=\"https:\/\/play.google.com\/store\/apps\/details?id=com.splashme\" target=\"_blank\">Android<\/a> <a rel=\"noreferrer noopener\" href=\"https:\/\/apps.apple.com\/es\/app\/splashme\/id584805809\" target=\"_blank\">Apple<\/a><\/strong><\/li><\/ul>\n\n\n\n<h4 class=\"wp-block-heading\">Documentaci\u00f3n<\/h4>\n\n\n\n<ul class=\"wp-block-list\"><li><a rel=\"noreferrer noopener\" href=\"https:\/\/www.fnclm.com\/wordpress\/wp-content\/uploads\/N_5_Normativa_Cto_Regional_Abso_Jun_Inv_21_22.pdf\" target=\"_blank\">Normativa de la competici\u00f3n<\/a><\/li><li><a rel=\"noreferrer noopener\" href=\"http:\/\/www.fnclm.com\/campeonatos\/2021\/023\/Normativa_Tecnica.pdf\" target=\"_blank\">Normativa T\u00e9cnica<\/a><\/li><li><a rel=\"noreferrer noopener\" href=\"http:\/\/www.fnclm.com\/campeonatos\/2021\/023\/inscritos.pdf\" target=\"_blank\">Inscripciones Totales<\/a><\/li><li>Listas de Salida:\u00a0<a rel=\"noreferrer noopener\" href=\"http:\/\/www.fnclm.com\/campeonatos\/2021\/023\/LSalida_S1.pdf\" target=\"_blank\">Sesi\u00f3n\u00a01<\/a>\u00a0&#8211;\u00a0<a rel=\"noreferrer noopener\" href=\"http:\/\/www.fnclm.com\/campeonatos\/2021\/023\/LSalida_S2.pdf\" target=\"_blank\">Sesi\u00f3n\u00a02<\/a> &#8211; <a rel=\"noreferrer noopener\" href=\"http:\/\/www.fnclm.com\/campeonatos\/2021\/023\/LSalida_S3.pdf\" target=\"_blank\">Sesi\u00f3n 3<\/a> &#8211; <a rel=\"noreferrer noopener\" href=\"http:\/\/www.fnclm.com\/campeonatos\/2021\/023\/LSalida_S4.pdf\" target=\"_blank\">Sesi\u00f3n 4<\/a><\/li><li>Resultados completos: <a rel=\"noreferrer noopener\" href=\"http:\/\/www.fnclm.com\/campeonatos\/2021\/023\/resultados_completos_sesion1.pdf\" target=\"_blank\">Sesi\u00f3n\u00a01<\/a>\u00a0&#8211;\u00a0<a rel=\"noreferrer noopener\" href=\"http:\/\/www.fnclm.com\/campeonatos\/2021\/023\/resultados_completos_sesion2.pdf\" target=\"_blank\">Sesi\u00f3n\u00a02<\/a> &#8211; <a rel=\"noreferrer noopener\" href=\"http:\/\/www.fnclm.com\/campeonatos\/2021\/023\/resultados_completos_sesion3.pdf\" target=\"_blank\">Sesi\u00f3n 3<\/a> &#8211; <a href=\"http:\/\/www.fnclm.com\/campeonatos\/2021\/023\/resultados_completos_sesion4.pdf\" target=\"_blank\" rel=\"noreferrer noopener\">Sesi\u00f3n 4<\/a><\/li><li>Clasificaci\u00f3n Final Por Clubes Junior + Absoluto<\/li><\/ul>\n\n\n\n<iframe loading=\"lazy\" src=\"https:\/\/www.fnclm.com\/campeonatos\/2021\/023\/\" frameborder=\"0\" width=\"1000px\" height=\"650\" align=\"center\"><\/iframe>\n\n\n\n<figure class=\"wp-block-embed is-type-video is-provider-youtube wp-block-embed-youtube wp-embed-aspect-16-9 wp-has-aspect-ratio\"><div class=\"wp-block-embed__wrapper\">\n<iframe loading=\"lazy\" title=\"Sesi\u00f3n 1 Cto. de Castilla-La Mancha de Nataci\u00f3n Junior y Absoluto 2022 (Invierno)\" width=\"500\" height=\"281\" src=\"https:\/\/www.youtube.com\/embed\/fPfnbFqz8qk?feature=oembed\" frameborder=\"0\" allow=\"accelerometer; autoplay; clipboard-write; encrypted-media; gyroscope; picture-in-picture; web-share\" referrerpolicy=\"strict-origin-when-cross-origin\" allowfullscreen><\/iframe>\n<\/div><\/figure>\n\n\n\n<figure class=\"wp-block-embed is-type-video is-provider-youtube wp-block-embed-youtube wp-embed-aspect-16-9 wp-has-aspect-ratio\"><div class=\"wp-block-embed__wrapper\">\n<iframe loading=\"lazy\" title=\"Sesi\u00f3n 2 Cto. de Castilla-La Mancha de Nataci\u00f3n Junior y Absoluto 2022 (Invierno)\" width=\"500\" height=\"281\" src=\"https:\/\/www.youtube.com\/embed\/zQRXfDyUuIA?feature=oembed\" frameborder=\"0\" allow=\"accelerometer; autoplay; clipboard-write; encrypted-media; gyroscope; picture-in-picture; web-share\" referrerpolicy=\"strict-origin-when-cross-origin\" allowfullscreen><\/iframe>\n<\/div><\/figure>\n\n\n\n<figure class=\"wp-block-embed is-type-video is-provider-youtube wp-block-embed-youtube wp-embed-aspect-16-9 wp-has-aspect-ratio\"><div class=\"wp-block-embed__wrapper\">\n<iframe loading=\"lazy\" title=\"Sesi\u00f3n 3 Cto. de Castilla-La Mancha de Nataci\u00f3n Junior y Absoluto 2022 (Invierno)\" width=\"500\" height=\"281\" src=\"https:\/\/www.youtube.com\/embed\/i_y0hJCL46w?feature=oembed\" frameborder=\"0\" allow=\"accelerometer; autoplay; clipboard-write; encrypted-media; gyroscope; picture-in-picture; web-share\" referrerpolicy=\"strict-origin-when-cross-origin\" allowfullscreen><\/iframe>\n<\/div><\/figure>\n\n\n\n<figure class=\"wp-block-embed is-type-video is-provider-youtube wp-block-embed-youtube wp-embed-aspect-16-9 wp-has-aspect-ratio\"><div class=\"wp-block-embed__wrapper\">\n<iframe loading=\"lazy\" title=\"Sesi\u00f3n 4 Cto. de Castilla-La Mancha de Nataci\u00f3n Junior y Absoluto 2022 (Invierno)\" width=\"500\" height=\"281\" src=\"https:\/\/www.youtube.com\/embed\/VDahHMGqC9I?feature=oembed\" frameborder=\"0\" allow=\"accelerometer; autoplay; clipboard-write; encrypted-media; gyroscope; picture-in-picture; web-share\" referrerpolicy=\"strict-origin-when-cross-origin\" allowfullscreen><\/iframe>\n<\/div><\/figure>\n","protected":false},"excerpt":{"rendered":"<p>Fecha y lugar: Fecha: 22-23\/01\/2022 Lugar: Talavera de la Reina. Hora de Comienzo: S\u00e1bado 11 horas y 16:30 horas. Domingo 11 horas y 16:30 horas. Aplicaci\u00f3n Splashme: Android Apple Documentaci\u00f3n Normativa de la competici\u00f3n Normativa T\u00e9cnica Inscripciones Totales Listas de Salida:\u00a0Sesi\u00f3n\u00a01\u00a0&#8211;\u00a0Sesi\u00f3n\u00a02 &#8211; Sesi\u00f3n 3 &#8211; Sesi\u00f3n 4 Resultados completos: Sesi\u00f3n\u00a01\u00a0&#8211;\u00a0Sesi\u00f3n\u00a02 &#8211; Sesi\u00f3n 3 &#8211; Sesi\u00f3n [&hellip;]<\/p>\n","protected":false},"author":588,"featured_media":0,"parent":0,"menu_order":0,"comment_status":"closed","ping_status":"closed","template":"","meta":{"_genesis_hide_title":false,"_genesis_hide_breadcrumbs":false,"_genesis_hide_singular_image":false,"_genesis_hide_footer_widgets":false,"_genesis_custom_body_class":"","_genesis_custom_post_class":"","_genesis_layout":"full-width-content","footnotes":""},"class_list":{"0":"post-45774","1":"page","2":"type-page","3":"status-publish","5":"entry"},"featured_image_src":null,"featured_image_src_square":null,"_links":{"self":[{"href":"https:\/\/www.fnclm.com\/wordpress\/index.php?rest_route=\/wp\/v2\/pages\/45774","targetHints":{"allow":["GET"]}}],"collection":[{"href":"https:\/\/www.fnclm.com\/wordpress\/index.php?rest_route=\/wp\/v2\/pages"}],"about":[{"href":"https:\/\/www.fnclm.com\/wordpress\/index.php?rest_route=\/wp\/v2\/types\/page"}],"author":[{"embeddable":true,"href":"https:\/\/www.fnclm.com\/wordpress\/index.php?rest_route=\/wp\/v2\/users\/588"}],"replies":[{"embeddable":true,"href":"https:\/\/www.fnclm.com\/wordpress\/index.php?rest_route=%2Fwp%2Fv2%2Fcomments&post=45774"}],"version-history":[{"count":13,"href":"https:\/\/www.fnclm.com\/wordpress\/index.php?rest_route=\/wp\/v2\/pages\/45774\/revisions"}],"predecessor-version":[{"id":45815,"href":"https:\/\/www.fnclm.com\/wordpress\/index.php?rest_route=\/wp\/v2\/pages\/45774\/revisions\/45815"}],"wp:attachment":[{"href":"https:\/\/www.fnclm.com\/wordpress\/index.php?rest_route=%2Fwp%2Fv2%2Fmedia&parent=45774"}],"curies":[{"name":"wp","href":"https:\/\/api.w.org\/{rel}","templated":true}]}}