{"id":43833,"date":"2021-06-21T14:59:10","date_gmt":"2021-06-21T12:59:10","guid":{"rendered":"https:\/\/www.fnclm.com\/wordpress\/?page_id=43833"},"modified":"2021-06-27T20:48:18","modified_gmt":"2021-06-27T18:48:18","slug":"cto-regional-alevin-de-verano-2021","status":"publish","type":"page","link":"https:\/\/www.fnclm.com\/wordpress\/?page_id=43833","title":{"rendered":"Cto Regional Alev\u00edn de Verano 2021"},"content":{"rendered":"\n<div class=\"wp-block-image\"><figure class=\"aligncenter size-medium\"><a href=\"https:\/\/www.fnclm.com\/wordpress\/wp-content\/uploads\/RDB-1.jpeg\"><img loading=\"lazy\" decoding=\"async\" width=\"300\" height=\"180\" src=\"https:\/\/www.fnclm.com\/wordpress\/wp-content\/uploads\/RDB-1-300x180.jpeg\" alt=\"\" class=\"wp-image-43870\" srcset=\"https:\/\/www.fnclm.com\/wordpress\/wp-content\/uploads\/RDB-1-300x180.jpeg 300w, https:\/\/www.fnclm.com\/wordpress\/wp-content\/uploads\/RDB-1.jpeg 500w\" sizes=\"auto, (max-width: 300px) 100vw, 300px\" \/><\/a><\/figure><\/div>\n\n\n\n<h4 class=\"wp-block-heading\"><strong>Fecha y lugar:<\/strong><\/h4>\n\n\n\n<ul class=\"wp-block-list\"><li><strong>Fecha:<\/strong> 27\/06\/2021<\/li><li><strong>Lugar:<\/strong> Madridejos<\/li><li><strong>Hora de Comienzo:<\/strong>                       <\/li><li><strong>Aplicaci\u00f3n Splashme: <a rel=\"noreferrer noopener\" href=\"https:\/\/play.google.com\/store\/apps\/details?id=com.splashme\" target=\"_blank\">Android<\/a> <a rel=\"noreferrer noopener\" href=\"https:\/\/apps.apple.com\/es\/app\/splashme\/id584805809\" target=\"_blank\">Apple<\/a><\/strong><\/li><\/ul>\n\n\n\n<h4 class=\"wp-block-heading\">Documentaci\u00f3n<\/h4>\n\n\n\n<ul class=\"wp-block-list\"><li><a rel=\"noreferrer noopener\" href=\"https:\/\/www.fnclm.com\/wordpress\/wp-content\/uploads\/Normat_Reg_Alev_Verano_20_21.pdf\" target=\"_blank\">Normativa de la competici\u00f3n<\/a><\/li><li><a rel=\"noreferrer noopener\" href=\"https:\/\/www.fnclm.com\/wordpress\/wp-content\/uploads\/APLICACION-PROTOCOLO-COVID-REGIONAL-ALEVIN-VERANO-2021.pdf\" target=\"_blank\">Protocolo Covid<\/a><\/li><li><a rel=\"noreferrer noopener\" href=\"http:\/\/www.fnclm.com\/campeonatos\/173\/inscritos.pdf\" target=\"_blank\">Inscripciones Totales<\/a><\/li><li>Listas de Salida:\u00a0<a rel=\"noreferrer noopener\" href=\"http:\/\/www.fnclm.com\/campeonatos\/173\/LSalida_Alev_S1.pdf\" target=\"_blank\">Sesi\u00f3n\u00a01\u00a0<\/a>&#8211;\u00a0<a rel=\"noreferrer noopener\" href=\"http:\/\/www.fnclm.com\/campeonatos\/173\/LSalida_Alev_S2.pdf\" target=\"_blank\">Sesi\u00f3n\u00a02<\/a><\/li><li>Resultados completos: <a rel=\"noreferrer noopener\" href=\"http:\/\/www.fnclm.com\/campeonatos\/173\/resultados_completos_sesion1.pdf\" target=\"_blank\">Sesi\u00f3<\/a><a href=\"http:\/\/www.fnclm.com\/campeonatos\/173\/resultados_completos_sesion1.pdf\" target=\"_blank\" rel=\"noreferrer noopener\">n\u00a01<\/a>\u00a0&#8211;\u00a0<a href=\"http:\/\/www.fnclm.com\/campeonatos\/173\/resultados_completos_sesion2.pdf\" target=\"_blank\" rel=\"noreferrer noopener\">Sesi\u00f3n\u00a02<\/a><\/li><\/ul>\n\n\n\n<iframe loading=\"lazy\" src=\"https:\/\/www.fnclm.com\/campeonatos\/173\/\" frameborder=\"0\" width=\"1000px\" height=\"650\" align=\"center\"><\/iframe>\n\n\n\n<figure class=\"wp-block-embed is-type-video is-provider-youtube wp-block-embed-youtube wp-embed-aspect-16-9 wp-has-aspect-ratio\"><div class=\"wp-block-embed__wrapper\">\n<iframe loading=\"lazy\" title=\"1_CTO. REG. DE NATACI\u00d3N ALEV\u00cdN DE VERANO DE CASTILLA-LA MANCHA. SESI\u00d3N DE MA\u00d1ANA\" width=\"500\" height=\"281\" src=\"https:\/\/www.youtube.com\/embed\/1apnUKyRCa0?feature=oembed\" frameborder=\"0\" allow=\"accelerometer; autoplay; clipboard-write; encrypted-media; gyroscope; picture-in-picture; web-share\" referrerpolicy=\"strict-origin-when-cross-origin\" allowfullscreen><\/iframe>\n<\/div><figcaption>Sesi\u00f3n de ma\u00f1ana<\/figcaption><\/figure>\n\n\n\n<figure class=\"wp-block-embed is-type-video is-provider-youtube wp-block-embed-youtube wp-embed-aspect-16-9 wp-has-aspect-ratio\"><div class=\"wp-block-embed__wrapper\">\n<iframe loading=\"lazy\" title=\"2_CTO. REG. DE NATACI\u00d3N ALEV\u00cdN DE VERANO DE CASTILLA-LA MANCHA. SESI\u00d3N DE TARDE\" width=\"500\" height=\"281\" src=\"https:\/\/www.youtube.com\/embed\/OypSq3qjG8o?feature=oembed\" frameborder=\"0\" allow=\"accelerometer; autoplay; clipboard-write; encrypted-media; gyroscope; picture-in-picture; web-share\" referrerpolicy=\"strict-origin-when-cross-origin\" allowfullscreen><\/iframe>\n<\/div><figcaption>Sesi\u00f3n de tarde<\/figcaption><\/figure>\n\n\n\n<p><\/p>\n","protected":false},"excerpt":{"rendered":"<p>Fecha y lugar: Fecha: 27\/06\/2021 Lugar: Madridejos Hora de Comienzo: Aplicaci\u00f3n Splashme: Android Apple Documentaci\u00f3n Normativa de la competici\u00f3n Protocolo Covid Inscripciones Totales Listas de Salida:\u00a0Sesi\u00f3n\u00a01\u00a0&#8211;\u00a0Sesi\u00f3n\u00a02 Resultados completos: Sesi\u00f3n\u00a01\u00a0&#8211;\u00a0Sesi\u00f3n\u00a02<\/p>\n","protected":false},"author":588,"featured_media":0,"parent":0,"menu_order":0,"comment_status":"closed","ping_status":"closed","template":"","meta":{"_genesis_hide_title":false,"_genesis_hide_breadcrumbs":false,"_genesis_hide_singular_image":false,"_genesis_hide_footer_widgets":false,"_genesis_custom_body_class":"","_genesis_custom_post_class":"","_genesis_layout":"full-width-content","footnotes":""},"class_list":{"0":"post-43833","1":"page","2":"type-page","3":"status-publish","5":"entry"},"featured_image_src":null,"featured_image_src_square":null,"_links":{"self":[{"href":"https:\/\/www.fnclm.com\/wordpress\/index.php?rest_route=\/wp\/v2\/pages\/43833","targetHints":{"allow":["GET"]}}],"collection":[{"href":"https:\/\/www.fnclm.com\/wordpress\/index.php?rest_route=\/wp\/v2\/pages"}],"about":[{"href":"https:\/\/www.fnclm.com\/wordpress\/index.php?rest_route=\/wp\/v2\/types\/page"}],"author":[{"embeddable":true,"href":"https:\/\/www.fnclm.com\/wordpress\/index.php?rest_route=\/wp\/v2\/users\/588"}],"replies":[{"embeddable":true,"href":"https:\/\/www.fnclm.com\/wordpress\/index.php?rest_route=%2Fwp%2Fv2%2Fcomments&post=43833"}],"version-history":[{"count":9,"href":"https:\/\/www.fnclm.com\/wordpress\/index.php?rest_route=\/wp\/v2\/pages\/43833\/revisions"}],"predecessor-version":[{"id":43961,"href":"https:\/\/www.fnclm.com\/wordpress\/index.php?rest_route=\/wp\/v2\/pages\/43833\/revisions\/43961"}],"wp:attachment":[{"href":"https:\/\/www.fnclm.com\/wordpress\/index.php?rest_route=%2Fwp%2Fv2%2Fmedia&parent=43833"}],"curies":[{"name":"wp","href":"https:\/\/api.w.org\/{rel}","templated":true}]}}