{"id":43264,"date":"2021-05-03T14:01:10","date_gmt":"2021-05-03T12:01:10","guid":{"rendered":"https:\/\/www.fnclm.com\/wordpress\/?page_id=43264"},"modified":"2021-05-25T16:29:30","modified_gmt":"2021-05-25T14:29:30","slug":"somos-deporte-3-18-albacete-j2-2","status":"publish","type":"page","link":"https:\/\/www.fnclm.com\/wordpress\/?page_id=43264","title":{"rendered":"Somos Deporte 3-18 Albacete, J2"},"content":{"rendered":"\n<div class=\"wp-block-image\"><figure class=\"aligncenter size-medium\"><a href=\"https:\/\/www.fnclm.com\/wordpress\/wp-content\/uploads\/Ob2cU.jpeg\"><img loading=\"lazy\" decoding=\"async\" width=\"213\" height=\"300\" src=\"https:\/\/www.fnclm.com\/wordpress\/wp-content\/uploads\/Ob2cU-213x300.jpeg\" alt=\"\" class=\"wp-image-43118\" srcset=\"https:\/\/www.fnclm.com\/wordpress\/wp-content\/uploads\/Ob2cU-213x300.jpeg 213w, https:\/\/www.fnclm.com\/wordpress\/wp-content\/uploads\/Ob2cU-728x1024.jpeg 728w, https:\/\/www.fnclm.com\/wordpress\/wp-content\/uploads\/Ob2cU-768x1080.jpeg 768w, https:\/\/www.fnclm.com\/wordpress\/wp-content\/uploads\/Ob2cU-1092x1536.jpeg 1092w, https:\/\/www.fnclm.com\/wordpress\/wp-content\/uploads\/Ob2cU.jpeg 1259w\" sizes=\"auto, (max-width: 213px) 100vw, 213px\" \/><\/a><\/figure><\/div>\n\n\n\n<h4 class=\"wp-block-heading\">Documentaci\u00f3n<\/h4>\n\n\n\n<ul class=\"wp-block-list\"><li><a rel=\"noreferrer noopener\" href=\"https:\/\/www.fnclm.com\/wordpress\/wp-content\/uploads\/PROGRAMA_SOMOS_DEPORTE_318_20_21.pdf\" target=\"_blank\" data-type=\"URL\">Normativa de la competici\u00f3n<\/a><\/li><li>Inscripciones Totales: <a rel=\"noreferrer noopener\" href=\"https:\/\/www.fnclm.com\/campeonatos\/157\/he\/inscritos.pdf\" target=\"_blank\">Hell\u00edn <\/a>&#8211; <a rel=\"noreferrer noopener\" href=\"https:\/\/www.fnclm.com\/campeonatos\/157\/ro\/inscritos.pdf\" target=\"_blank\">La Roda<\/a> &#8211; <a rel=\"noreferrer noopener\" href=\"https:\/\/www.fnclm.com\/campeonatos\/157\/ab\/inscritos.pdf\" target=\"_blank\">Albacete<\/a><\/li><li>Listas de Salida: <a rel=\"noreferrer noopener\" href=\"https:\/\/www.fnclm.com\/campeonatos\/157\/he\/LSalidas.pdf\" target=\"_blank\">Hell\u00edn<\/a> &#8211; <a rel=\"noreferrer noopener\" href=\"https:\/\/www.fnclm.com\/campeonatos\/157\/ro\/Listas_Salida.pdf\" target=\"_blank\">La Roda<\/a> &#8211; <a rel=\"noreferrer noopener\" href=\"https:\/\/www.fnclm.com\/campeonatos\/157\/ab\/Listas_Salida.pdf\" target=\"_blank\">Alba<\/a><a href=\"https:\/\/www.fnclm.com\/campeonatos\/157\/ab\/Listas_Salida.pdf\" target=\"_blank\" rel=\"noreferrer noopener\">cete<\/a><\/li><li>Resultados completos: <a rel=\"noreferrer noopener\" href=\"https:\/\/www.fnclm.com\/campeonatos\/157\/he\/resultados_completos.pdf\" target=\"_blank\">Hell\u00edn<\/a> &#8211; <a rel=\"noreferrer noopener\" href=\"https:\/\/www.fnclm.com\/campeonatos\/157\/ro\/resultados_completos_sesion1.pdf\" target=\"_blank\">La Roda<\/a> -La Roda &#8211; <a href=\"https:\/\/www.fnclm.com\/campeonatos\/157\/ab\/resultados_completos_sesion1.pdf\" target=\"_blank\" rel=\"noreferrer noopener\">Albacete 1<\/a> &#8211; <a href=\"https:\/\/www.fnclm.com\/campeonatos\/157\/ab\/resultados_completos_sesion2.pdf\" target=\"_blank\" rel=\"noreferrer noopener\">Albacete 2<\/a><\/li><\/ul>\n\n\n\n<iframe loading=\"lazy\" src=\"https:\/\/www.fnclm.com\/campeonatos\/157\/he\/\" width=\"1000px\" height=\"550\" align=\"center\" frameborder=\"0\"><\/iframe>\n\n\n\n<iframe loading=\"lazy\" src=\"https:\/\/www.fnclm.com\/campeonatos\/157\/ro\/\" width=\"1000px\" height=\"550\" align=\"center\" frameborder=\"0\"><\/iframe>\n\n\n\n<iframe loading=\"lazy\" src=\"https:\/\/www.fnclm.com\/campeonatos\/157\/ab\/\" width=\"1000px\" height=\"550\" align=\"center\" frameborder=\"0\"><\/iframe>\n","protected":false},"excerpt":{"rendered":"<p>Documentaci\u00f3n Normativa de la competici\u00f3n Inscripciones Totales: Hell\u00edn &#8211; La Roda &#8211; Albacete Listas de Salida: Hell\u00edn &#8211; La Roda &#8211; Albacete Resultados completos: Hell\u00edn &#8211; La Roda -La Roda &#8211; Albacete 1 &#8211; Albacete 2<\/p>\n","protected":false},"author":588,"featured_media":0,"parent":0,"menu_order":0,"comment_status":"closed","ping_status":"closed","template":"","meta":{"_genesis_hide_title":false,"_genesis_hide_breadcrumbs":false,"_genesis_hide_singular_image":false,"_genesis_hide_footer_widgets":false,"_genesis_custom_body_class":"","_genesis_custom_post_class":"","_genesis_layout":"full-width-content","footnotes":""},"class_list":{"0":"post-43264","1":"page","2":"type-page","3":"status-publish","5":"entry"},"featured_image_src":null,"featured_image_src_square":null,"_links":{"self":[{"href":"https:\/\/www.fnclm.com\/wordpress\/index.php?rest_route=\/wp\/v2\/pages\/43264","targetHints":{"allow":["GET"]}}],"collection":[{"href":"https:\/\/www.fnclm.com\/wordpress\/index.php?rest_route=\/wp\/v2\/pages"}],"about":[{"href":"https:\/\/www.fnclm.com\/wordpress\/index.php?rest_route=\/wp\/v2\/types\/page"}],"author":[{"embeddable":true,"href":"https:\/\/www.fnclm.com\/wordpress\/index.php?rest_route=\/wp\/v2\/users\/588"}],"replies":[{"embeddable":true,"href":"https:\/\/www.fnclm.com\/wordpress\/index.php?rest_route=%2Fwp%2Fv2%2Fcomments&post=43264"}],"version-history":[{"count":12,"href":"https:\/\/www.fnclm.com\/wordpress\/index.php?rest_route=\/wp\/v2\/pages\/43264\/revisions"}],"predecessor-version":[{"id":43519,"href":"https:\/\/www.fnclm.com\/wordpress\/index.php?rest_route=\/wp\/v2\/pages\/43264\/revisions\/43519"}],"wp:attachment":[{"href":"https:\/\/www.fnclm.com\/wordpress\/index.php?rest_route=%2Fwp%2Fv2%2Fmedia&parent=43264"}],"curies":[{"name":"wp","href":"https:\/\/api.w.org\/{rel}","templated":true}]}}