{"id":40043,"date":"2020-02-17T15:09:02","date_gmt":"2020-02-17T14:09:02","guid":{"rendered":"http:\/\/www.fnclm.com\/wordpress\/?page_id=40043"},"modified":"2020-07-08T10:18:21","modified_gmt":"2020-07-08T08:18:21","slug":"cto-regional-invierno-infantil-junior-y-abs-2020","status":"publish","type":"page","link":"https:\/\/www.fnclm.com\/wordpress\/?page_id=40043","title":{"rendered":"Cto Regional Invierno Infantil, Junior y Abs 2020."},"content":{"rendered":"\n<div class=\"wp-block-image\"><figure class=\"aligncenter is-resized\"><img loading=\"lazy\" decoding=\"async\" src=\"http:\/\/www.fnclm.com\/campeonatos\/091\/poster.jpg\" alt=\"\" width=\"222\" height=\"313\"\/><\/figure><\/div>\n\n\n\n<h4 class=\"wp-block-heading\"><strong>Fecha y lugar:<\/strong><\/h4>\n\n\n\n<ul class=\"wp-block-list\"><li><strong>Fecha:<\/strong> 22-23\/02\/2020<\/li><li><strong>Lugar:<\/strong> Talavera de la Reina<\/li><li><strong>Hora de Comienzo:<\/strong>  Sesi\u00f3n 1, 10:00, Sesi\u00f3n 2, 17:00,                        Sesi\u00f3n 3, 9:30 y Sesi\u00f3n 4, 16:30.<\/li><li><strong>Hora de Calentamiento:<\/strong> Sesi\u00f3n 1, 08:45, Sesi\u00f3n 2, 15:45                        Sesi\u00f3n 3, 8:15 y Sesi\u00f3n 4, 15:15.      <\/li><\/ul>\n\n\n\n<h4 class=\"wp-block-heading\">Documentaci\u00f3n<\/h4>\n\n\n\n<ul class=\"wp-block-list\"><li><a rel=\"noreferrer noopener\" aria-label=\"Normativa de la competici\u00f3n (abre en una nueva pesta\u00f1a)\" href=\"http:\/\/www.fnclm.com\/campeonatos\/091\/normativa.pdf\" target=\"_blank\">Normativa de la competici\u00f3n<\/a><\/li><li><a rel=\"noreferrer noopener\" aria-label=\"Instrucciones t\u00e9cnicas (se abre en una nueva pesta\u00f1a)\" href=\"http:\/\/www.fnclm.com\/campeonatos\/091\/Instrucciones_tecnicas.pdf\" target=\"_blank\">Instrucciones t\u00e9cnicas<\/a><\/li><li><a rel=\"noreferrer noopener\" aria-label=\"Relevo Prueba 1 (se abre en una nueva pesta\u00f1a)\" href=\"http:\/\/www.fnclm.com\/campeonatos\/091\/relevo.pdf\" target=\"_blank\">Relevo Prueba 1<\/a><\/li><li><a rel=\"noreferrer noopener\" aria-label=\"Inscripciones Totales (abre en una nueva pesta\u00f1a)\" href=\"http:\/\/www.fnclm.com\/campeonatos\/091\/inscripciones_totales.pdf\" target=\"_blank\">Inscripciones Totales<\/a><\/li><li>Listas de Salida:&nbsp;<a rel=\"noreferrer noopener\" aria-label=\"Sesi\u00f3n&nbsp;1 (se abre en una nueva pesta\u00f1a)\" href=\"http:\/\/www.fnclm.com\/campeonatos\/091\/LSalida_S1.pdf\" target=\"_blank\">Sesi\u00f3n&nbsp;1<\/a>&nbsp;&#8211;&nbsp;<a rel=\"noreferrer noopener\" aria-label=\"Sesi\u00f3n&nbsp;2 (se abre en una nueva pesta\u00f1a)\" href=\"http:\/\/www.fnclm.com\/campeonatos\/091\/LSalida_S2.pdf\" target=\"_blank\">Sesi\u00f3n&nbsp;2<\/a> &#8211;&nbsp;<a rel=\"noreferrer noopener\" aria-label=\"Sesi\u00f3n&nbsp;3 (se abre en una nueva pesta\u00f1a)\" href=\"http:\/\/www.fnclm.com\/campeonatos\/091\/LSalida_S3.pdf\" target=\"_blank\">Sesi\u00f3n&nbsp;3<\/a> &#8211;&nbsp;<a rel=\"noreferrer noopener\" aria-label=\"Sesi\u00f3n&nbsp;4 (se abre en una nueva pesta\u00f1a)\" href=\"http:\/\/www.fnclm.com\/campeonatos\/091\/LSalida_S4.pdf\" target=\"_blank\">Sesi\u00f3n&nbsp;4<\/a><\/li><li>Resultados completos: <a rel=\"noreferrer noopener\" aria-label=\" (se abre en una nueva pesta\u00f1a)\" href=\"http:\/\/www.fnclm.com\/campeonatos\/091\/resultados_completos_sesion1.pdf\" target=\"_blank\">Sesi\u00f3n&nbsp;1<\/a>&nbsp;&#8211;&nbsp;<a rel=\"noreferrer noopener\" aria-label=\" (se abre en una nueva pesta\u00f1a)\" href=\"http:\/\/www.fnclm.com\/campeonatos\/091\/resultados_completos_sesion2.pdf\" target=\"_blank\">Sesi\u00f3n&nbsp;2<\/a> &#8211;&nbsp;<a rel=\"noreferrer noopener\" aria-label=\" (se abre en una nueva pesta\u00f1a)\" href=\"http:\/\/www.fnclm.com\/campeonatos\/091\/resultados_completos_sesion3.pdf\" target=\"_blank\">Sesi\u00f3n&nbsp;3<\/a> &#8211;&nbsp;<a href=\"http:\/\/www.fnclm.com\/campeonatos\/091\/resultados_completos_sesion4.pdf\" target=\"_blank\" rel=\"noreferrer noopener\" aria-label=\"Sesi\u00f3n&nbsp;4 (se abre en una nueva pesta\u00f1a)\">Sesi\u00f3n&nbsp;4<\/a><\/li><li>Clasificaci\u00f3n General: <a href=\"http:\/\/www.fnclm.com\/campeonatos\/091\/clasificacion_general.pdf\" target=\"_blank\" rel=\"noreferrer noopener\" aria-label=\"Clasificacion_general (se abre en una nueva pesta\u00f1a)\">Clasificacion_general<\/a><\/li><\/ul>\n\n\n\n<iframe loading=\"lazy\" src=\"https:\/\/www.fnclm.com\/campeonatos\/091\/\" frameborder=\"0\" width=\"1000px\" height=\"2400\" align=\"center\"><\/iframe>\n","protected":false},"excerpt":{"rendered":"<p>Fecha y lugar: Fecha: 22-23\/02\/2020 Lugar: Talavera de la Reina Hora de Comienzo: Sesi\u00f3n 1, 10:00, Sesi\u00f3n 2, 17:00, Sesi\u00f3n 3, 9:30 y Sesi\u00f3n 4, 16:30. Hora de Calentamiento: Sesi\u00f3n 1, 08:45, Sesi\u00f3n 2, 15:45 Sesi\u00f3n 3, 8:15 y Sesi\u00f3n 4, 15:15. Documentaci\u00f3n Normativa de la competici\u00f3n Instrucciones t\u00e9cnicas Relevo Prueba 1 Inscripciones Totales Listas [&hellip;]<\/p>\n","protected":false},"author":588,"featured_media":0,"parent":0,"menu_order":0,"comment_status":"closed","ping_status":"closed","template":"","meta":{"_genesis_hide_title":false,"_genesis_hide_breadcrumbs":false,"_genesis_hide_singular_image":false,"_genesis_hide_footer_widgets":false,"_genesis_custom_body_class":"","_genesis_custom_post_class":"","_genesis_layout":"full-width-content","footnotes":""},"class_list":{"0":"post-40043","1":"page","2":"type-page","3":"status-publish","5":"entry"},"featured_image_src":null,"featured_image_src_square":null,"_links":{"self":[{"href":"https:\/\/www.fnclm.com\/wordpress\/index.php?rest_route=\/wp\/v2\/pages\/40043","targetHints":{"allow":["GET"]}}],"collection":[{"href":"https:\/\/www.fnclm.com\/wordpress\/index.php?rest_route=\/wp\/v2\/pages"}],"about":[{"href":"https:\/\/www.fnclm.com\/wordpress\/index.php?rest_route=\/wp\/v2\/types\/page"}],"author":[{"embeddable":true,"href":"https:\/\/www.fnclm.com\/wordpress\/index.php?rest_route=\/wp\/v2\/users\/588"}],"replies":[{"embeddable":true,"href":"https:\/\/www.fnclm.com\/wordpress\/index.php?rest_route=%2Fwp%2Fv2%2Fcomments&post=40043"}],"version-history":[{"count":19,"href":"https:\/\/www.fnclm.com\/wordpress\/index.php?rest_route=\/wp\/v2\/pages\/40043\/revisions"}],"predecessor-version":[{"id":40593,"href":"https:\/\/www.fnclm.com\/wordpress\/index.php?rest_route=\/wp\/v2\/pages\/40043\/revisions\/40593"}],"wp:attachment":[{"href":"https:\/\/www.fnclm.com\/wordpress\/index.php?rest_route=%2Fwp%2Fv2%2Fmedia&parent=40043"}],"curies":[{"name":"wp","href":"https:\/\/api.w.org\/{rel}","templated":true}]}}