{"id":39376,"date":"2019-12-16T21:28:38","date_gmt":"2019-12-16T20:28:38","guid":{"rendered":"http:\/\/www.fnclm.com\/wordpress\/?page_id=39376"},"modified":"2020-06-22T12:03:48","modified_gmt":"2020-06-22T10:03:48","slug":"somos-deporte-3-18-albacete-j2","status":"publish","type":"page","link":"https:\/\/www.fnclm.com\/wordpress\/?page_id=39376","title":{"rendered":"Somos Deporte 3-18 Albacete, J2"},"content":{"rendered":"\n<div class=\"wp-block-image\"><figure class=\"aligncenter is-resized\"><img loading=\"lazy\" decoding=\"async\" src=\"http:\/\/www.fnclm.com\/campeonatos\/054\/poster.jpg\" alt=\"\" width=\"196\" height=\"277\"\/><\/figure><\/div>\n\n\n\n<h4 class=\"wp-block-heading\">Documentaci\u00f3n<\/h4>\n\n\n\n<ul class=\"wp-block-list\"><li><a rel=\"noreferrer noopener\" aria-label=\"Normativa de la competici\u00f3n (se abre en una nueva pesta\u00f1a)\" href=\"http:\/\/www.fnclm.com\/campeonatos\/054\/normativa.pdf\" target=\"_blank\">Normativa de la competici\u00f3n<\/a><\/li><li>Normas T\u00e9cnicas<\/li><li>Inscripciones Totales:&nbsp;<a rel=\"noreferrer noopener\" aria-label=\"Inscritos_A (se abre en una nueva pesta\u00f1a)\" href=\"http:\/\/www.fnclm.com\/campeonatos\/065\/inscritos.pdf\" target=\"_blank\">Inscritos_A<\/a> &#8211; <a rel=\"noreferrer noopener\" aria-label=\" (se abre en una nueva pesta\u00f1a)\" href=\"http:\/\/www.fnclm.com\/campeonatos\/066\/inscritos.pdf\" target=\"_blank\">Inscritos_B <\/a><\/li><li>Listas de Salida: <a rel=\"noreferrer noopener\" aria-label=\"Grupo A (se abre en una nueva pesta\u00f1a)\" href=\"http:\/\/www.fnclm.com\/campeonatos\/065\/LSalida_Albacete_A2.pdf\" target=\"_blank\">Grupo A<\/a>  &#8211; <a rel=\"noreferrer noopener\" aria-label=\"Grupo B (se abre en una nueva pesta\u00f1a)\" href=\"http:\/\/www.fnclm.com\/campeonatos\/066\/LSalida_Albacete_B2.pdf\" target=\"_blank\">Grupo B<\/a><\/li><li>Resultados completos: <a rel=\"noreferrer noopener\" aria-label=\"Grupo A (se abre en una nueva pesta\u00f1a)\" href=\"http:\/\/www.fnclm.com\/campeonatos\/065\/resultados_completos.pdf\" target=\"_blank\">Grupo A<\/a>  &#8211; <a href=\"http:\/\/www.fnclm.com\/campeonatos\/066\/resultados_completos.pdf\" target=\"_blank\" rel=\"noreferrer noopener\" aria-label=\"Grupo B (se abre en una nueva pesta\u00f1a)\">Grupo B<\/a> <\/li><\/ul>\n\n\n\n<iframe loading=\"lazy\" src=\"https:\/\/www.fnclm.com\/campeonatos\/065\/\" width=\"1000px\" height=\"400\" height=\"800\" align=\"center\" frameborder=\"0\"><\/iframe>\n\n\n\n<iframe loading=\"lazy\" src=\"https:\/\/www.fnclm.com\/campeonatos\/066\/\" width=\"1000px\" height=\"400\" height=\"800\" align=\"center\" frameborder=\"0\"><\/iframe>\n","protected":false},"excerpt":{"rendered":"<p>Documentaci\u00f3n Normativa de la competici\u00f3n Normas T\u00e9cnicas Inscripciones Totales:&nbsp;Inscritos_A &#8211; Inscritos_B Listas de Salida: Grupo A &#8211; Grupo B Resultados completos: Grupo A &#8211; Grupo B<\/p>\n","protected":false},"author":588,"featured_media":0,"parent":0,"menu_order":0,"comment_status":"closed","ping_status":"closed","template":"","meta":{"_genesis_hide_title":false,"_genesis_hide_breadcrumbs":false,"_genesis_hide_singular_image":false,"_genesis_hide_footer_widgets":false,"_genesis_custom_body_class":"","_genesis_custom_post_class":"","_genesis_layout":"full-width-content","footnotes":""},"class_list":{"0":"post-39376","1":"page","2":"type-page","3":"status-publish","5":"entry"},"featured_image_src":null,"featured_image_src_square":null,"_links":{"self":[{"href":"https:\/\/www.fnclm.com\/wordpress\/index.php?rest_route=\/wp\/v2\/pages\/39376","targetHints":{"allow":["GET"]}}],"collection":[{"href":"https:\/\/www.fnclm.com\/wordpress\/index.php?rest_route=\/wp\/v2\/pages"}],"about":[{"href":"https:\/\/www.fnclm.com\/wordpress\/index.php?rest_route=\/wp\/v2\/types\/page"}],"author":[{"embeddable":true,"href":"https:\/\/www.fnclm.com\/wordpress\/index.php?rest_route=\/wp\/v2\/users\/588"}],"replies":[{"embeddable":true,"href":"https:\/\/www.fnclm.com\/wordpress\/index.php?rest_route=%2Fwp%2Fv2%2Fcomments&post=39376"}],"version-history":[{"count":10,"href":"https:\/\/www.fnclm.com\/wordpress\/index.php?rest_route=\/wp\/v2\/pages\/39376\/revisions"}],"predecessor-version":[{"id":40491,"href":"https:\/\/www.fnclm.com\/wordpress\/index.php?rest_route=\/wp\/v2\/pages\/39376\/revisions\/40491"}],"wp:attachment":[{"href":"https:\/\/www.fnclm.com\/wordpress\/index.php?rest_route=%2Fwp%2Fv2%2Fmedia&parent=39376"}],"curies":[{"name":"wp","href":"https:\/\/api.w.org\/{rel}","templated":true}]}}