{"id":39293,"date":"2019-12-09T12:34:53","date_gmt":"2019-12-09T11:34:53","guid":{"rendered":"http:\/\/www.fnclm.com\/wordpress\/?page_id=39293"},"modified":"2020-07-08T10:19:41","modified_gmt":"2020-07-08T08:19:41","slug":"liga-territorial-1a-division-j2","status":"publish","type":"page","link":"https:\/\/www.fnclm.com\/wordpress\/?page_id=39293","title":{"rendered":"Liga Territorial 1\u00aa Divisi\u00f3n, J2"},"content":{"rendered":"\n<div class=\"wp-block-image\"><figure class=\"aligncenter is-resized\"><img loading=\"lazy\" decoding=\"async\" src=\"http:\/\/www.fnclm.com\/campeonatos\/061\/poster.jpg\" alt=\"\" width=\"196\" height=\"277\"\/><\/figure><\/div>\n\n\n\n<h4 class=\"wp-block-heading\">Documentaci\u00f3n<\/h4>\n\n\n\n<ul class=\"wp-block-list\"><li><a rel=\"noreferrer noopener\" aria-label=\"Normativa de la competici\u00f3n (abre en una nueva pesta\u00f1a)\" href=\"http:\/\/www.fnclm.com\/campeonatos\/051\/normativa.pdf\" target=\"_blank\">Normativa de la competici\u00f3n<\/a><\/li><li>Normas T\u00e9cnicas<\/li><li>Inscripciones Totales:&nbsp;<a rel=\"noreferrer noopener\" aria-label=\"Inscritos (se abre en una nueva pesta\u00f1a)\" href=\"http:\/\/www.fnclm.com\/campeonatos\/061\/inscritos.pdf\" target=\"_blank\">Inscritos<\/a><\/li><li><a rel=\"noreferrer noopener\" aria-label=\"Listas de Salida (se abre en una nueva pesta\u00f1a)\" href=\"http:\/\/www.fnclm.com\/campeonatos\/061\/LSalida_Primera_j2.pdf\" target=\"_blank\">Listas de Salida<\/a><\/li><li><a href=\"http:\/\/www.fnclm.com\/campeonatos\/061\/resultados_completos.pdf\" target=\"_blank\" rel=\"noreferrer noopener\" aria-label=\"Resultados completos (se abre en una nueva pesta\u00f1a)\">Resultados completos<\/a> <\/li><\/ul>\n\n\n\n<iframe loading=\"lazy\" src=\"https:\/\/www.fnclm.com\/campeonatos\/061\/\" width=\"1000px\" height=\"400\" height=\"800\" align=\"center\" frameborder=\"0\"><\/iframe>\n","protected":false},"excerpt":{"rendered":"<p>Documentaci\u00f3n Normativa de la competici\u00f3n Normas T\u00e9cnicas Inscripciones Totales:&nbsp;Inscritos Listas de Salida Resultados completos<\/p>\n","protected":false},"author":588,"featured_media":0,"parent":0,"menu_order":0,"comment_status":"closed","ping_status":"closed","template":"","meta":{"_genesis_hide_title":false,"_genesis_hide_breadcrumbs":false,"_genesis_hide_singular_image":false,"_genesis_hide_footer_widgets":false,"_genesis_custom_body_class":"","_genesis_custom_post_class":"","_genesis_layout":"full-width-content","footnotes":""},"class_list":{"0":"post-39293","1":"page","2":"type-page","3":"status-publish","5":"entry"},"featured_image_src":null,"featured_image_src_square":null,"_links":{"self":[{"href":"https:\/\/www.fnclm.com\/wordpress\/index.php?rest_route=\/wp\/v2\/pages\/39293","targetHints":{"allow":["GET"]}}],"collection":[{"href":"https:\/\/www.fnclm.com\/wordpress\/index.php?rest_route=\/wp\/v2\/pages"}],"about":[{"href":"https:\/\/www.fnclm.com\/wordpress\/index.php?rest_route=\/wp\/v2\/types\/page"}],"author":[{"embeddable":true,"href":"https:\/\/www.fnclm.com\/wordpress\/index.php?rest_route=\/wp\/v2\/users\/588"}],"replies":[{"embeddable":true,"href":"https:\/\/www.fnclm.com\/wordpress\/index.php?rest_route=%2Fwp%2Fv2%2Fcomments&post=39293"}],"version-history":[{"count":6,"href":"https:\/\/www.fnclm.com\/wordpress\/index.php?rest_route=\/wp\/v2\/pages\/39293\/revisions"}],"predecessor-version":[{"id":40595,"href":"https:\/\/www.fnclm.com\/wordpress\/index.php?rest_route=\/wp\/v2\/pages\/39293\/revisions\/40595"}],"wp:attachment":[{"href":"https:\/\/www.fnclm.com\/wordpress\/index.php?rest_route=%2Fwp%2Fv2%2Fmedia&parent=39293"}],"curies":[{"name":"wp","href":"https:\/\/api.w.org\/{rel}","templated":true}]}}