{"id":39018,"date":"2019-10-31T16:20:11","date_gmt":"2019-10-31T15:20:11","guid":{"rendered":"http:\/\/www.fnclm.com\/wordpress\/?page_id=39018"},"modified":"2021-12-15T19:14:08","modified_gmt":"2021-12-15T18:14:08","slug":"open-aguas-abiertas-2-020","status":"publish","type":"page","link":"https:\/\/www.fnclm.com\/wordpress\/?page_id=39018","title":{"rendered":"Open Aguas Abiertas 2.021"},"content":{"rendered":"\n<div class=\"wp-block-file\"><a href=\"https:\/\/www.fnclm.com\/wordpress\/wp-content\/uploads\/III_Campeonato_Aguas_Abiertas_CLM_2021-1.pdf\">III Campeonato de Castilla-La Mancha Open de Aguas Abiertas<\/a><a href=\"https:\/\/www.fnclm.com\/wordpress\/wp-content\/uploads\/III_Campeonato_Aguas_Abiertas_CLM_2021-1.pdf\" class=\"wp-block-file__button\" download>Descarga<\/a><\/div>\n\n\n\n<p>Ruidera, 18 de septiembre 2.021<\/p>\n\n\n\n<figure class=\"wp-block-image size-full\"><a href=\"https:\/\/www.fnclm.com\/wordpress\/wp-content\/uploads\/CartelAA21.jpeg\"><img loading=\"lazy\" decoding=\"async\" width=\"1024\" height=\"768\" src=\"https:\/\/www.fnclm.com\/wordpress\/wp-content\/uploads\/CartelAA21.jpeg\" alt=\"\" class=\"wp-image-44293\" srcset=\"https:\/\/www.fnclm.com\/wordpress\/wp-content\/uploads\/CartelAA21.jpeg 1024w, https:\/\/www.fnclm.com\/wordpress\/wp-content\/uploads\/CartelAA21-300x225.jpeg 300w, https:\/\/www.fnclm.com\/wordpress\/wp-content\/uploads\/CartelAA21-768x576.jpeg 768w\" sizes=\"auto, (max-width: 1024px) 100vw, 1024px\" \/><\/a><\/figure>\n\n\n\n<iframe loading=\"lazy\" src=\"https:\/\/youevent.es\/sport\/listado_publico.asp?interfaz_minima=true&amp;id_competicion=5148&amp;language=1\" frameborder=\"0\" width=\"600px\" height=\"1000\" align=\"center\"><\/iframe>\n\n\n\n<p><strong>Resultados:<\/strong><\/p>\n\n\n\n<p><a href=\"https:\/\/youevent.es\/sport\/multimedia\/clasificaciones\/ClasificacionIIICAMPEONATODECASTILLALAMANCHAOPENDEAGUASABIERTAS-0.pdf\">5000 metros &#8211; Orden de Llegada<\/a><br><a href=\"https:\/\/youevent.es\/sport\/multimedia\/clasificaciones\/ClasificacionIIICAMPEONATODECASTILLALAMANCHAOPENDEAGUASABIERTAS-1.pdf\">5000 metros &#8211; Podium Absoluto<\/a><br><a href=\"https:\/\/youevent.es\/sport\/multimedia\/clasificaciones\/ClasificacionIIICAMPEONATODECASTILLALAMANCHAOPENDEAGUASABIERTAS-2.pdf\">5000 metros &#8211; Podium Infantiles &amp; Juniors<\/a><br><a href=\"https:\/\/youevent.es\/sport\/multimedia\/clasificaciones\/ClasificacionIIICAMPEONATODECASTILLALAMANCHAOPENDEAGUASABIERTAS-3.pdf\">Relevos 4&#215;800 metros &#8211; Orden de Llegada<\/a><br><a href=\"https:\/\/youevent.es\/sport\/multimedia\/clasificaciones\/ClasificacionIIICAMPEONATODECASTILLALAMANCHAOPENDEAGUASABIERTAS-4.pdf\">Relevos 4&#215;800 metros &#8211; Categor\u00edas<\/a><br><a href=\"https:\/\/youevent.es\/sport\/multimedia\/clasificaciones\/ClasificacionIIICAMPEONATODECASTILLALAMANCHAOPENDEAGUASABIERTAS-5.pdf\">Clubes ABSOLUTA Masculina<\/a><br><a href=\"https:\/\/youevent.es\/sport\/multimedia\/clasificaciones\/ClasificacionIIICAMPEONATODECASTILLALAMANCHAOPENDEAGUASABIERTAS-6.pdf\">Clubes ABSOLUTA Femenina<\/a><br><a href=\"https:\/\/youevent.es\/sport\/multimedia\/clasificaciones\/ClasificacionIIICAMPEONATODECASTILLALAMANCHAOPENDEAGUASABIERTAS-7.pdf\">Clubes ABSOLUTA Conjunta<\/a><br><a href=\"https:\/\/youevent.es\/sport\/multimedia\/clasificaciones\/ClasificacionIIICAMPEONATODECASTILLALAMANCHAOPENDEAGUASABIERTAS-8.pdf\">800 metros (Benjam\u00edn y Alev\u00edn) &#8211; Orden de Llegada<\/a><br><a href=\"https:\/\/youevent.es\/sport\/multimedia\/clasificaciones\/ClasificacionIIICAMPEONATODECASTILLALAMANCHAOPENDEAGUASABIERTAS-9.pdf\">800 metros (Benjam\u00edn y Alev\u00edn) &#8211; Ni\u00f1os y Ni\u00f1as<\/a><br><a href=\"https:\/\/youevent.es\/sport\/multimedia\/clasificaciones\/ClasificacionIIICAMPEONATODECASTILLALAMANCHAOPENDEAGUASABIERTAS-10.pdf\">800 metros (Benjam\u00edn y Alev\u00edn) &#8211; Clasificaci\u00f3n por Categor\u00edas<\/a><br><a href=\"https:\/\/youevent.es\/sport\/multimedia\/clasificaciones\/ClasificacionIIICAMPEONATODECASTILLALAMANCHAOPENDEAGUASABIERTAS-11.pdf\">800 metros (Benjam\u00edn y Alev\u00edn) &#8211; Podium Benjam\u00edn y Alev\u00edn<\/a><br><a href=\"https:\/\/youevent.es\/sport\/multimedia\/clasificaciones\/ClasificacionIIICAMPEONATODECASTILLALAMANCHAOPENDEAGUASABIERTAS-12.pdf\">3000 metros (Master) &#8211; Orden de Llegada<\/a><br><a href=\"https:\/\/youevent.es\/sport\/multimedia\/clasificaciones\/ClasificacionIIICAMPEONATODECASTILLALAMANCHAOPENDEAGUASABIERTAS-13.pdf\">3000 metros (Master) &#8211; Categor\u00edas Master<\/a><br><a href=\"https:\/\/youevent.es\/sport\/multimedia\/clasificaciones\/ClasificacionIIICAMPEONATODECASTILLALAMANCHAOPENDEAGUASABIERTAS-14.pdf\">3000 metros (Master) &#8211; Podium Master<\/a><br><a href=\"https:\/\/youevent.es\/sport\/multimedia\/clasificaciones\/ClasificacionIIICAMPEONATODECASTILLALAMANCHAOPENDEAGUASABIERTAS-15.pdf\">Clubes MASTER Masculina<\/a><br><a href=\"https:\/\/youevent.es\/sport\/multimedia\/clasificaciones\/ClasificacionIIICAMPEONATODECASTILLALAMANCHAOPENDEAGUASABIERTAS-16.pdf\">Clubes MASTER Femenina<\/a><br><a href=\"https:\/\/youevent.es\/sport\/multimedia\/clasificaciones\/ClasificacionIIICAMPEONATODECASTILLALAMANCHAOPENDEAGUASABIERTAS-17.pdf\">Clubes MASTER Conjunta<\/a><\/p>\n\n\n\n<p><\/p>\n\n\n\n<p><a href=\"https:\/\/www.flickr.com\/photos\/fnclm\/albums\/72157719890932007\" target=\"_blank\" rel=\"noreferrer noopener\">Galer\u00eda de fotograf\u00edas<\/a><\/p>\n","protected":false},"excerpt":{"rendered":"<p>Ruidera, 18 de septiembre 2.021 Resultados: 5000 metros &#8211; Orden de Llegada5000 metros &#8211; Podium Absoluto5000 metros &#8211; Podium Infantiles &amp; JuniorsRelevos 4&#215;800 metros &#8211; Orden de LlegadaRelevos 4&#215;800 metros &#8211; Categor\u00edasClubes ABSOLUTA MasculinaClubes ABSOLUTA FemeninaClubes ABSOLUTA Conjunta800 metros (Benjam\u00edn y Alev\u00edn) &#8211; Orden de Llegada800 metros (Benjam\u00edn y Alev\u00edn) &#8211; Ni\u00f1os y Ni\u00f1as800 metros [&hellip;]<\/p>\n","protected":false},"author":587,"featured_media":0,"parent":0,"menu_order":0,"comment_status":"closed","ping_status":"closed","template":"","meta":{"_genesis_hide_title":false,"_genesis_hide_breadcrumbs":false,"_genesis_hide_singular_image":false,"_genesis_hide_footer_widgets":false,"_genesis_custom_body_class":"","_genesis_custom_post_class":"","_genesis_layout":"","footnotes":""},"class_list":{"0":"post-39018","1":"page","2":"type-page","3":"status-publish","5":"entry"},"featured_image_src":null,"featured_image_src_square":null,"_links":{"self":[{"href":"https:\/\/www.fnclm.com\/wordpress\/index.php?rest_route=\/wp\/v2\/pages\/39018","targetHints":{"allow":["GET"]}}],"collection":[{"href":"https:\/\/www.fnclm.com\/wordpress\/index.php?rest_route=\/wp\/v2\/pages"}],"about":[{"href":"https:\/\/www.fnclm.com\/wordpress\/index.php?rest_route=\/wp\/v2\/types\/page"}],"author":[{"embeddable":true,"href":"https:\/\/www.fnclm.com\/wordpress\/index.php?rest_route=\/wp\/v2\/users\/587"}],"replies":[{"embeddable":true,"href":"https:\/\/www.fnclm.com\/wordpress\/index.php?rest_route=%2Fwp%2Fv2%2Fcomments&post=39018"}],"version-history":[{"count":11,"href":"https:\/\/www.fnclm.com\/wordpress\/index.php?rest_route=\/wp\/v2\/pages\/39018\/revisions"}],"predecessor-version":[{"id":45469,"href":"https:\/\/www.fnclm.com\/wordpress\/index.php?rest_route=\/wp\/v2\/pages\/39018\/revisions\/45469"}],"wp:attachment":[{"href":"https:\/\/www.fnclm.com\/wordpress\/index.php?rest_route=%2Fwp%2Fv2%2Fmedia&parent=39018"}],"curies":[{"name":"wp","href":"https:\/\/api.w.org\/{rel}","templated":true}]}}