{"id":37821,"date":"2019-04-23T13:26:53","date_gmt":"2019-04-23T11:26:53","guid":{"rendered":"http:\/\/www.fnclm.com\/wordpress\/?page_id=37821"},"modified":"2019-04-29T16:39:06","modified_gmt":"2019-04-29T14:39:06","slug":"xxii-trofeo-nacional-ciudad-de-la-ceramica-c-n-aquis","status":"publish","type":"page","link":"https:\/\/www.fnclm.com\/wordpress\/?page_id=37821","title":{"rendered":"XXII Trofeo Nacional Ciudad de la Cer\u00e1mica C.N. Aq\u00fcis"},"content":{"rendered":"\n<div class=\"wp-block-image\"><figure class=\"aligncenter is-resized\"><img loading=\"lazy\" decoding=\"async\" src=\"http:\/\/www.fnclm.com\/campeonatos\/034\/poster.jpg\" alt=\"\" width=\"251\" height=\"354\"\/><\/figure><\/div>\n\n\n\n<h4 class=\"wp-block-heading\">Documentaci\u00f3n<\/h4>\n\n\n\n<ul class=\"wp-block-list\"><li><a rel=\"noreferrer noopener\" aria-label=\" (abre en una nueva pesta\u00f1a)\" href=\"http:\/\/www.fnclm.com\/campeonatos\/034\/Normativa_Trofeo_Ciudad_Ceramica_2019.pdf\" target=\"_blank\">Normativa de la competici\u00f3n<\/a><\/li><li>Normas T\u00e9cnicas: <a rel=\"noreferrer noopener\" aria-label=\" (abre en una nueva pesta\u00f1a)\" href=\"http:\/\/www.fnclm.com\/campeonatos\/034\/Turnos_de_Calentamiento.pdf\" target=\"_blank\">Turnos de calentamiento<\/a><\/li><li>Inscripciones Totales: <a rel=\"noreferrer noopener\" aria-label=\" (abre en una nueva pesta\u00f1a)\" href=\"http:\/\/www.fnclm.com\/campeonatos\/034\/inscritos_Aquis.pdf\" target=\"_blank\">Inscritos<\/a><a rel=\"noreferrer noopener\" aria-label=\" (abre en una nueva pesta\u00f1a)\" href=\"http:\/\/www.fnclm.com\/campeonatos\/029\/inscritos_TO.pdf\" target=\"_blank\"> <\/a><\/li><li>Listas de Salida:\u00a0<a rel=\"noreferrer noopener\" aria-label=\"Listas de Salida (abre en una nueva pesta\u00f1a)\" href=\"http:\/\/www.fnclm.com\/campeonatos\/034\/LSalida_Aquis_S1.pdf\" target=\"_blank\">Sesi\u00f3n 1 <\/a> <a rel=\"noreferrer noopener\" aria-label=\"Sesi\u00f3n 2 (abre en una nueva pesta\u00f1a)\" href=\"http:\/\/www.fnclm.com\/campeonatos\/034\/LSalida_Aquis_S2.pdf\" target=\"_blank\">Sesi\u00f3n 2<\/a> <\/li><li><a rel=\"noreferrer noopener\" aria-label=\"Horario estimado. (abre en una nueva pesta\u00f1a)\" href=\"http:\/\/www.fnclm.com\/campeonatos\/034\/Horario_Aquis.pdf\" target=\"_blank\">Horario estimado.<\/a><\/li><li>Resultados completos: <a rel=\"noreferrer noopener\" aria-label=\"Sesi\u00f3n 1  (abre en una nueva pesta\u00f1a)\" href=\"http:\/\/www.fnclm.com\/campeonatos\/034\/resultados_completos_S1.pdf\" target=\"_blank\">Sesi\u00f3n 1 <\/a> <a href=\"http:\/\/www.fnclm.com\/campeonatos\/034\/resultados_completos_S2.pdf\" target=\"_blank\" rel=\"noreferrer noopener\" aria-label=\" (abre en una nueva pesta\u00f1a)\">Sesi\u00f3n 2 <\/a><\/li><\/ul>\n\n\n\n<iframe loading=\"lazy\" src=\"http:\/\/www.fnclm.com\/campeonatos\/034\/\" frameborder=\"0\" width=\"1000px\" height=\"600\" align=\"center\"><\/iframe>\n\n\n\n<p><\/p>\n","protected":false},"excerpt":{"rendered":"<p>Documentaci\u00f3n Normativa de la competici\u00f3n Normas T\u00e9cnicas: Turnos de calentamiento Inscripciones Totales: Inscritos Listas de Salida:\u00a0Sesi\u00f3n 1 Sesi\u00f3n 2 Horario estimado. Resultados completos: Sesi\u00f3n 1 Sesi\u00f3n 2<\/p>\n","protected":false},"author":588,"featured_media":0,"parent":0,"menu_order":0,"comment_status":"closed","ping_status":"closed","template":"","meta":{"_genesis_hide_title":false,"_genesis_hide_breadcrumbs":false,"_genesis_hide_singular_image":false,"_genesis_hide_footer_widgets":false,"_genesis_custom_body_class":"","_genesis_custom_post_class":"","_genesis_layout":"full-width-content","footnotes":""},"class_list":{"0":"post-37821","1":"page","2":"type-page","3":"status-publish","5":"entry"},"featured_image_src":null,"featured_image_src_square":null,"_links":{"self":[{"href":"https:\/\/www.fnclm.com\/wordpress\/index.php?rest_route=\/wp\/v2\/pages\/37821","targetHints":{"allow":["GET"]}}],"collection":[{"href":"https:\/\/www.fnclm.com\/wordpress\/index.php?rest_route=\/wp\/v2\/pages"}],"about":[{"href":"https:\/\/www.fnclm.com\/wordpress\/index.php?rest_route=\/wp\/v2\/types\/page"}],"author":[{"embeddable":true,"href":"https:\/\/www.fnclm.com\/wordpress\/index.php?rest_route=\/wp\/v2\/users\/588"}],"replies":[{"embeddable":true,"href":"https:\/\/www.fnclm.com\/wordpress\/index.php?rest_route=%2Fwp%2Fv2%2Fcomments&post=37821"}],"version-history":[{"count":9,"href":"https:\/\/www.fnclm.com\/wordpress\/index.php?rest_route=\/wp\/v2\/pages\/37821\/revisions"}],"predecessor-version":[{"id":37875,"href":"https:\/\/www.fnclm.com\/wordpress\/index.php?rest_route=\/wp\/v2\/pages\/37821\/revisions\/37875"}],"wp:attachment":[{"href":"https:\/\/www.fnclm.com\/wordpress\/index.php?rest_route=%2Fwp%2Fv2%2Fmedia&parent=37821"}],"curies":[{"name":"wp","href":"https:\/\/api.w.org\/{rel}","templated":true}]}}