{"id":37257,"date":"2019-02-18T16:51:23","date_gmt":"2019-02-18T15:51:23","guid":{"rendered":"http:\/\/www.fnclm.com\/wordpress\/?page_id=37257"},"modified":"2020-07-14T18:19:41","modified_gmt":"2020-07-14T16:19:41","slug":"cto-regional-de-invierno-g-e-y-absoluto","status":"publish","type":"page","link":"https:\/\/www.fnclm.com\/wordpress\/?page_id=37257","title":{"rendered":"Cto Regional de Invierno G.E y Absoluto."},"content":{"rendered":"\n<div class=\"wp-block-image\"><figure class=\"alignright is-resized\"><img loading=\"lazy\" decoding=\"async\" src=\"http:\/\/www.fnclm.com\/wordpress\/wp-content\/uploads\/poster-3.jpg\" alt=\"\" class=\"wp-image-37258\" width=\"177\" height=\"250\" srcset=\"https:\/\/www.fnclm.com\/wordpress\/wp-content\/uploads\/poster-3.jpg 826w, https:\/\/www.fnclm.com\/wordpress\/wp-content\/uploads\/poster-3-212x300.jpg 212w, https:\/\/www.fnclm.com\/wordpress\/wp-content\/uploads\/poster-3-768x1087.jpg 768w, https:\/\/www.fnclm.com\/wordpress\/wp-content\/uploads\/poster-3-724x1024.jpg 724w, https:\/\/www.fnclm.com\/wordpress\/wp-content\/uploads\/poster-3-90x128.jpg 90w, https:\/\/www.fnclm.com\/wordpress\/wp-content\/uploads\/poster-3-23x32.jpg 23w\" sizes=\"auto, (max-width: 177px) 100vw, 177px\" \/><figcaption><a href=\"http:\/\/www.fnclm.com\/wordpress\/wp-content\/uploads\/poster-3.jpg\" target=\"_blank\" rel=\"noreferrer noopener\" aria-label=\"Descargar Poster (abre en una nueva pesta\u00f1a)\">Descargar Poster<\/a><\/figcaption><\/figure><\/div>\n\n\n\n<h4 class=\"wp-block-heading\">Documentaci\u00f3n<\/h4>\n\n\n\n<ul class=\"wp-block-list\"><li><a rel=\"noreferrer noopener\" aria-label=\"Normativa de la competici\u00f3n (abre en una nueva pesta\u00f1a)\" href=\"http:\/\/www.fnclm.com\/campeonatos\/018A\/normativa.pdf\" target=\"_blank\">Normativa de la competici\u00f3n<\/a><\/li><li><a rel=\"noreferrer noopener\" aria-label=\"Normas T\u00e9cnicas (abre en una nueva pesta\u00f1a)\" href=\"http:\/\/www.fnclm.com\/campeonatos\/018A\/instrucciones.pdf\" target=\"_blank\">Normas T\u00e9cnicas<\/a><\/li><li><a rel=\"noreferrer noopener\" aria-label=\"Inscripciones Totales (abre en una nueva pesta\u00f1a)\" href=\"http:\/\/www.fnclm.com\/campeonatos\/018A\/inscritos.pdf\" target=\"_blank\">Inscripciones Totales<\/a><\/li><li>Listas de Salida Jornada 1:<a rel=\"noreferrer noopener\" aria-label=\"&nbsp;Sesi\u00f3n&nbsp;1 (abre en una nueva pesta\u00f1a)\" href=\"http:\/\/www.fnclm.com\/campeonatos\/018A\/inscritos.pdf\" target=\"_blank\">&nbsp;<\/a><a rel=\"noreferrer noopener\" aria-label=\"Sesi\u00f3n&nbsp;1 (abre en una nueva pesta\u00f1a)\" href=\"http:\/\/www.fnclm.com\/campeonatos\/018A\/Listas_Salida_S1.pdf\" target=\"_blank\">Sesi\u00f3n&nbsp;1<\/a> &#8211; <a rel=\"noreferrer noopener\" aria-label=\"Sesi\u00f3n&nbsp;2 (abre en una nueva pesta\u00f1a)\" href=\"http:\/\/www.fnclm.com\/campeonatos\/018A\/Listas_Salida_S2.pdf\" target=\"_blank\">Sesi\u00f3n&nbsp;2<\/a><\/li><li>Listas de Salida Jornada 2:&nbsp;<a rel=\"noreferrer noopener\" aria-label=\"Sesi\u00f3n&nbsp;3 (abre en una nueva pesta\u00f1a)\" href=\"http:\/\/www.fnclm.com\/campeonatos\/018A\/Listas_Salida_S3.pdf\" target=\"_blank\">Sesi\u00f3n&nbsp;3<\/a> &#8211; <a rel=\"noreferrer noopener\" aria-label=\"Sesi\u00f3n&nbsp;4 (abre en una nueva pesta\u00f1a)\" href=\"http:\/\/www.fnclm.com\/campeonatos\/018A\/Listas_Salida_S4.pdf\" target=\"_blank\">Sesi\u00f3n&nbsp;4<\/a><\/li><li>Resultados Sesi\u00f3n 1: <a rel=\"noreferrer noopener\" aria-label=\"Abso (abre en una nueva pesta\u00f1a)\" href=\"http:\/\/www.fnclm.com\/campeonatos\/018A\/resultados_abso_S1.pdf\" target=\"_blank\">Abso<\/a> &#8211; <a rel=\"noreferrer noopener\" aria-label=\"G.E (abre en una nueva pesta\u00f1a)\" href=\"http:\/\/www.fnclm.com\/campeonatos\/018A\/resultados_GE_S1.pdf\" target=\"_blank\">G.E<\/a><\/li><li>Resultados Sesi\u00f3n 2: <a rel=\"noreferrer noopener\" aria-label=\"Abso (abre en una nueva pesta\u00f1a)\" href=\"http:\/\/www.fnclm.com\/campeonatos\/018A\/resultados_abso_S2.pdf\" target=\"_blank\">Abso<\/a> &#8211; <a rel=\"noreferrer noopener\" aria-label=\"G.E (abre en una nueva pesta\u00f1a)\" href=\"http:\/\/www.fnclm.com\/campeonatos\/018A\/resultados_GE_S2.pdf\" target=\"_blank\">G.E<\/a><\/li><li>Resultados Sesi\u00f3n 3: <a rel=\"noreferrer noopener\" aria-label=\"Abso (abre en una nueva pesta\u00f1a)\" href=\"http:\/\/www.fnclm.com\/campeonatos\/018A\/resultados_abso_S3.pdf\" target=\"_blank\">Abso<\/a> &#8211; <a rel=\"noreferrer noopener\" aria-label=\"G.E (abre en una nueva pesta\u00f1a)\" href=\"http:\/\/www.fnclm.com\/campeonatos\/018A\/resultados_GE_S3.pdf\" target=\"_blank\">G.E<\/a><a rel=\"noreferrer noopener\" href=\"http:\/\/www.fnclm.com\/campeonatos\/018A\/resultados_GE_S2.pdf\" target=\"_blank\">\ufeff<\/a><\/li><li>Resultados Sesi\u00f3n 4: <a rel=\"noreferrer noopener\" aria-label=\"Abso (abre en una nueva pesta\u00f1a)\" href=\"http:\/\/www.fnclm.com\/campeonatos\/018A\/resultados_abso_S4.pdf\" target=\"_blank\">Abso<\/a> &#8211; <a href=\"http:\/\/www.fnclm.com\/campeonatos\/018A\/resultados_GE_S4.pdf\" target=\"_blank\" rel=\"noreferrer noopener\" aria-label=\"G.E (abre en una nueva pesta\u00f1a)\">G.E<\/a><\/li><li><a rel=\"noreferrer noopener\" aria-label=\"Clasificaci\u00f3n (abre en una nueva pesta\u00f1a)\" href=\"http:\/\/www.fnclm.com\/campeonatos\/018A\/clasificacion.pdf\" target=\"_blank\">Clasificaci\u00f3n<\/a><\/li><\/ul>\n\n\n\n<iframe loading=\"lazy\" src=\"https:\/\/www.fnclm.com\/campeonatos\/018A\" frameborder=\"0\" width=\"1000px\" height=\"800\" align=\"center\"><\/iframe>\n\n\n\n<iframe loading=\"lazy\" src=\"https:\/\/www.fnclm.com\/campeonatos\/018B\/index.html\" frameborder=\"0\" width=\"1000px\" height=\"800\" align=\"center\"><\/iframe>\n\n\n\n<p><\/p>\n","protected":false},"excerpt":{"rendered":"<p>Documentaci\u00f3n Normativa de la competici\u00f3n Normas T\u00e9cnicas Inscripciones Totales Listas de Salida Jornada 1:&nbsp;Sesi\u00f3n&nbsp;1 &#8211; Sesi\u00f3n&nbsp;2 Listas de Salida Jornada 2:&nbsp;Sesi\u00f3n&nbsp;3 &#8211; Sesi\u00f3n&nbsp;4 Resultados Sesi\u00f3n 1: Abso &#8211; G.E Resultados Sesi\u00f3n 2: Abso &#8211; G.E Resultados Sesi\u00f3n 3: Abso &#8211; G.E\ufeff Resultados Sesi\u00f3n 4: Abso &#8211; G.E Clasificaci\u00f3n<\/p>\n","protected":false},"author":588,"featured_media":0,"parent":0,"menu_order":0,"comment_status":"closed","ping_status":"closed","template":"","meta":{"_genesis_hide_title":false,"_genesis_hide_breadcrumbs":false,"_genesis_hide_singular_image":false,"_genesis_hide_footer_widgets":false,"_genesis_custom_body_class":"","_genesis_custom_post_class":"","_genesis_layout":"full-width-content","footnotes":""},"class_list":{"0":"post-37257","1":"page","2":"type-page","3":"status-publish","5":"entry"},"featured_image_src":null,"featured_image_src_square":null,"_links":{"self":[{"href":"https:\/\/www.fnclm.com\/wordpress\/index.php?rest_route=\/wp\/v2\/pages\/37257","targetHints":{"allow":["GET"]}}],"collection":[{"href":"https:\/\/www.fnclm.com\/wordpress\/index.php?rest_route=\/wp\/v2\/pages"}],"about":[{"href":"https:\/\/www.fnclm.com\/wordpress\/index.php?rest_route=\/wp\/v2\/types\/page"}],"author":[{"embeddable":true,"href":"https:\/\/www.fnclm.com\/wordpress\/index.php?rest_route=\/wp\/v2\/users\/588"}],"replies":[{"embeddable":true,"href":"https:\/\/www.fnclm.com\/wordpress\/index.php?rest_route=%2Fwp%2Fv2%2Fcomments&post=37257"}],"version-history":[{"count":27,"href":"https:\/\/www.fnclm.com\/wordpress\/index.php?rest_route=\/wp\/v2\/pages\/37257\/revisions"}],"predecessor-version":[{"id":40615,"href":"https:\/\/www.fnclm.com\/wordpress\/index.php?rest_route=\/wp\/v2\/pages\/37257\/revisions\/40615"}],"wp:attachment":[{"href":"https:\/\/www.fnclm.com\/wordpress\/index.php?rest_route=%2Fwp%2Fv2%2Fmedia&parent=37257"}],"curies":[{"name":"wp","href":"https:\/\/api.w.org\/{rel}","templated":true}]}}