{"id":36994,"date":"2019-01-24T12:10:24","date_gmt":"2019-01-24T11:10:24","guid":{"rendered":"http:\/\/www.fnclm.com\/wordpress\/?page_id=36994"},"modified":"2019-01-26T20:55:42","modified_gmt":"2019-01-26T19:55:42","slug":"trofeo-diputacion-albacete-de-invierno-2019","status":"publish","type":"page","link":"https:\/\/www.fnclm.com\/wordpress\/?page_id=36994","title":{"rendered":"Trofeo Diputaci\u00f3n Albacete de invierno 2019"},"content":{"rendered":"\n<div class=\"wp-block-cover has-background-dim is-layout-flow wp-block-cover-is-layout-flow\" style=\"background-image:url(http:\/\/www.fnclm.com\/wordpress\/wp-content\/uploads\/posterdipu.jpg)\"><p class=\"wp-block-cover-text\">Trofeo Diputaci\u00f3n Albacete de invierno 2019<\/p><\/div>\n\n\n\n<h4 class=\"wp-block-heading\"><strong>Fecha y lugar:<\/strong><\/h4>\n\n\n\n<ul class=\"wp-block-list\"><li><strong>Fecha:<\/strong> 26\/01\/2018<\/li><li><strong>Lugar:<\/strong> Villarrobledo<\/li><li><strong>Hora de Comienzo:<\/strong>  Sesi\u00f3n 1, 10:00, Sesi\u00f3n 2, 17:00<\/li><li><strong>Hora de Calentamiento:<\/strong> 10:00 y 16:00<\/li><\/ul>\n\n\n\n<div class=\"wp-block-image\"><figure class=\"aligncenter is-resized\"><img loading=\"lazy\" decoding=\"async\" src=\"http:\/\/www.fnclm.com\/wordpress\/wp-content\/uploads\/posterdipu-1024x724.jpg\" alt=\"\" class=\"wp-image-36995\" width=\"362\" height=\"256\" srcset=\"https:\/\/www.fnclm.com\/wordpress\/wp-content\/uploads\/posterdipu-1024x724.jpg 1024w, https:\/\/www.fnclm.com\/wordpress\/wp-content\/uploads\/posterdipu-300x212.jpg 300w, https:\/\/www.fnclm.com\/wordpress\/wp-content\/uploads\/posterdipu-768x543.jpg 768w, https:\/\/www.fnclm.com\/wordpress\/wp-content\/uploads\/posterdipu-128x90.jpg 128w, https:\/\/www.fnclm.com\/wordpress\/wp-content\/uploads\/posterdipu-32x23.jpg 32w, https:\/\/www.fnclm.com\/wordpress\/wp-content\/uploads\/posterdipu.jpg 1142w\" sizes=\"auto, (max-width: 362px) 100vw, 362px\" \/><\/figure><\/div>\n\n\n\n<h4 class=\"wp-block-heading\">Documentaci\u00f3n<\/h4>\n\n\n\n<ul class=\"wp-block-list\"><li><a rel=\"noreferrer noopener\" aria-label=\"Normativa de la competici\u00f3n (abre en una nueva pesta\u00f1a)\" href=\"http:\/\/www.fnclm.com\/campeonatos\/010\/normativa.pdf\" target=\"_blank\">Normativa de la competici\u00f3n<\/a><\/li><li>Normas T\u00e9cnicas<\/li><li><a rel=\"noreferrer noopener\" aria-label=\"Sumario Participantes (abre en una nueva pesta\u00f1a)\" href=\"http:\/\/www.fnclm.com\/campeonatos\/010\/EntryStatistics.pdf\" target=\"_blank\">Sumario Participantes<\/a><\/li><li><a rel=\"noreferrer noopener\" aria-label=\"Inscripciones Totales (abre en una nueva pesta\u00f1a)\" href=\"http:\/\/www.fnclm.com\/campeonatos\/010\/inscritos.pdf\" target=\"_blank\">Inscripciones Totales<\/a><\/li><li>Listas de Salida:\u00a0<a rel=\"noreferrer noopener\" aria-label=\" (abre en una nueva pesta\u00f1a)\" href=\"http:\/\/www.fnclm.com\/campeonatos\/010\/LSalida_S1.pdf\" target=\"_blank\">Sesi\u00f3n\u00a01<\/a>\u00a0&#8211;\u00a0<a rel=\"noreferrer noopener\" aria-label=\"Sesion\u00a02 (abre en una nueva pesta\u00f1a)\" href=\"http:\/\/www.fnclm.com\/campeonatos\/010\/LSalida_S2.pdf\" target=\"_blank\">Sesion\u00a02<\/a><\/li><li>Resultados completos: <a rel=\"noreferrer noopener\" aria-label=\"Sesion\u00a01 (abre en una nueva pesta\u00f1a)\" href=\"http:\/\/www.fnclm.com\/campeonatos\/010\/resultados_S1.pdf\" target=\"_blank\">Sesi\u00f3n\u00a01<\/a>\u00a0&#8211;\u00a0<a rel=\"noreferrer noopener\" aria-label=\"Sesion\u00a02 (abre en una nueva pesta\u00f1a)\" href=\"http:\/\/www.fnclm.com\/campeonatos\/010\/resultados_S2.pdf\" target=\"_blank\">Sesion\u00a02<\/a><\/li><li><a rel=\"noreferrer noopener\" aria-label=\"Medallero (abre en una nueva pesta\u00f1a)\" href=\"http:\/\/www.fnclm.com\/campeonatos\/010\/medallero.pdf\" target=\"_blank\">Medallero<\/a><\/li><li><a href=\"http:\/\/www.fnclm.com\/campeonatos\/010\/Clasificacion.pdf\" target=\"_blank\" rel=\"noreferrer noopener\" aria-label=\"Clasificaci\u00f3n por clubes (abre en una nueva pesta\u00f1a)\">Clasificaci\u00f3n por clubes<\/a><\/li><\/ul>\n\n\n\n<iframe loading=\"lazy\" src=\"http:\/\/www.fnclm.com\/campeonatos\/010\" frameborder=\"0\" width=\"1000px\" height=\"2400\" align=\"center\"><\/iframe>\n","protected":false},"excerpt":{"rendered":"<p>Fecha y lugar: Fecha: 26\/01\/2018 Lugar: Villarrobledo Hora de Comienzo: Sesi\u00f3n 1, 10:00, Sesi\u00f3n 2, 17:00 Hora de Calentamiento: 10:00 y 16:00 Documentaci\u00f3n Normativa de la competici\u00f3n Normas T\u00e9cnicas Sumario Participantes Inscripciones Totales Listas de Salida:\u00a0Sesi\u00f3n\u00a01\u00a0&#8211;\u00a0Sesion\u00a02 Resultados completos: Sesi\u00f3n\u00a01\u00a0&#8211;\u00a0Sesion\u00a02 Medallero Clasificaci\u00f3n por clubes<\/p>\n","protected":false},"author":588,"featured_media":0,"parent":0,"menu_order":0,"comment_status":"closed","ping_status":"closed","template":"","meta":{"_genesis_hide_title":false,"_genesis_hide_breadcrumbs":false,"_genesis_hide_singular_image":false,"_genesis_hide_footer_widgets":false,"_genesis_custom_body_class":"","_genesis_custom_post_class":"","_genesis_layout":"full-width-content","footnotes":""},"class_list":{"0":"post-36994","1":"page","2":"type-page","3":"status-publish","5":"entry"},"featured_image_src":null,"featured_image_src_square":null,"_links":{"self":[{"href":"https:\/\/www.fnclm.com\/wordpress\/index.php?rest_route=\/wp\/v2\/pages\/36994","targetHints":{"allow":["GET"]}}],"collection":[{"href":"https:\/\/www.fnclm.com\/wordpress\/index.php?rest_route=\/wp\/v2\/pages"}],"about":[{"href":"https:\/\/www.fnclm.com\/wordpress\/index.php?rest_route=\/wp\/v2\/types\/page"}],"author":[{"embeddable":true,"href":"https:\/\/www.fnclm.com\/wordpress\/index.php?rest_route=\/wp\/v2\/users\/588"}],"replies":[{"embeddable":true,"href":"https:\/\/www.fnclm.com\/wordpress\/index.php?rest_route=%2Fwp%2Fv2%2Fcomments&post=36994"}],"version-history":[{"count":10,"href":"https:\/\/www.fnclm.com\/wordpress\/index.php?rest_route=\/wp\/v2\/pages\/36994\/revisions"}],"predecessor-version":[{"id":37043,"href":"https:\/\/www.fnclm.com\/wordpress\/index.php?rest_route=\/wp\/v2\/pages\/36994\/revisions\/37043"}],"wp:attachment":[{"href":"https:\/\/www.fnclm.com\/wordpress\/index.php?rest_route=%2Fwp%2Fv2%2Fmedia&parent=36994"}],"curies":[{"name":"wp","href":"https:\/\/api.w.org\/{rel}","templated":true}]}}