{"id":36851,"date":"2019-01-16T13:02:14","date_gmt":"2019-01-16T12:02:14","guid":{"rendered":"http:\/\/www.fnclm.com\/wordpress\/?page_id=36851"},"modified":"2019-01-20T18:18:21","modified_gmt":"2019-01-20T17:18:21","slug":"control-de-minimas-nacionales-2019","status":"publish","type":"page","link":"https:\/\/www.fnclm.com\/wordpress\/?page_id=36851","title":{"rendered":"Control de M\u00ednimas Nacionales 2019"},"content":{"rendered":"\n<div class=\"wp-block-cover has-background-dim is-layout-flow wp-block-cover-is-layout-flow\" style=\"background-image:url(http:\/\/www.fnclm.com\/wordpress\/wp-content\/uploads\/cartel_control_marcas-copia.jpg)\"><p class=\"wp-block-cover-text\">Control Marcas Nacionales 2019<\/p><\/div>\n\n\n\n<h4 class=\"wp-block-heading\"><strong>Fecha y lugar:<\/strong><\/h4>\n\n\n\n<ul class=\"wp-block-list\"><li><strong>Fecha:<\/strong> 20\/01\/2018<\/li><li><strong>Lugar:<\/strong> Torrijos<\/li><li><strong>Hora de Comienzo:<\/strong>  Sesi\u00f3n 1, 11:00, Sesi\u00f3n 2, 16:30<\/li><li><strong>Hora de Calentamiento:<\/strong> 10:00 y 16:00<\/li><\/ul>\n\n\n\n<div class=\"wp-block-image\"><figure class=\"aligncenter is-resized\"><img loading=\"lazy\" decoding=\"async\" src=\"http:\/\/www.fnclm.com\/wordpress\/wp-content\/uploads\/cartel_control_marcas-copia-1024x683.jpg\" alt=\"\" class=\"wp-image-36853\" width=\"274\" height=\"182\" srcset=\"https:\/\/www.fnclm.com\/wordpress\/wp-content\/uploads\/cartel_control_marcas-copia-1024x683.jpg 1024w, https:\/\/www.fnclm.com\/wordpress\/wp-content\/uploads\/cartel_control_marcas-copia-300x200.jpg 300w, https:\/\/www.fnclm.com\/wordpress\/wp-content\/uploads\/cartel_control_marcas-copia-768x512.jpg 768w, https:\/\/www.fnclm.com\/wordpress\/wp-content\/uploads\/cartel_control_marcas-copia-1536x1024.jpg 1536w, https:\/\/www.fnclm.com\/wordpress\/wp-content\/uploads\/cartel_control_marcas-copia-600x400.jpg 600w, https:\/\/www.fnclm.com\/wordpress\/wp-content\/uploads\/cartel_control_marcas-copia-1320x880.jpg 1320w, https:\/\/www.fnclm.com\/wordpress\/wp-content\/uploads\/cartel_control_marcas-copia-128x85.jpg 128w, https:\/\/www.fnclm.com\/wordpress\/wp-content\/uploads\/cartel_control_marcas-copia-32x21.jpg 32w, https:\/\/www.fnclm.com\/wordpress\/wp-content\/uploads\/cartel_control_marcas-copia.jpg 2048w\" sizes=\"auto, (max-width: 274px) 100vw, 274px\" \/><\/figure><\/div>\n\n\n\n<h4 class=\"wp-block-heading\">Documentaci\u00f3n<\/h4>\n\n\n\n<ul class=\"wp-block-list\"><li><a rel=\"noreferrer noopener\" aria-label=\" (abre en una nueva pesta\u00f1a)\" href=\"http:\/\/www.fnclm.com\/campeonatos\/005\/normativa.pdf\" target=\"_blank\">Normativa de la competici\u00f3n<\/a><\/li><li>Normas T\u00e9cnicas<\/li><li><a rel=\"noreferrer noopener\" aria-label=\" (abre en una nueva pesta\u00f1a)\" href=\"http:\/\/www.fnclm.com\/campeonatos\/005\/sumario.pdf\" target=\"_blank\">Sumario Participantes<\/a><\/li><li><a rel=\"noreferrer noopener\" aria-label=\" (abre en una nueva pesta\u00f1a)\" href=\"http:\/\/www.fnclm.com\/campeonatos\/005\/inscritos.pdf\" target=\"_blank\">Inscripciones Totales<\/a><\/li><li>Listas de Salida:\u00a0<a rel=\"noreferrer noopener\" aria-label=\"Listas de Salida (abre en una nueva pesta\u00f1a)\" href=\"http:\/\/www.fnclm.com\/campeonatos\/005\/LSalida_CM_S1.pdf\" target=\"_blank\">Sesion\u00a01<\/a>\u00a0&#8211;\u00a0<a rel=\"noreferrer noopener\" aria-label=\"Sesion\u00a02 (abre en una nueva pesta\u00f1a)\" href=\"http:\/\/www.fnclm.com\/campeonatos\/005\/LSalida_CM_S2.pdf\" target=\"_blank\">Sesion\u00a02<\/a><\/li><li>Resultados completos: <a rel=\"noreferrer noopener\" aria-label=\"Sesion\u00a01 (abre en una nueva pesta\u00f1a)\" href=\"http:\/\/www.fnclm.com\/campeonatos\/005\/resultados_completos_sesion1.pdf\" target=\"_blank\">Sesion\u00a01<\/a>\u00a0&#8211;\u00a0<a href=\"http:\/\/www.fnclm.com\/campeonatos\/005\/resultados_completos_sesion2.pdf\" target=\"_blank\" rel=\"noreferrer noopener\" aria-label=\"Sesion\u00a02 (abre en una nueva pesta\u00f1a)\">Sesion\u00a02<\/a><\/li><\/ul>\n\n\n\n<iframe loading=\"lazy\" src=\"http:\/\/www.fnclm.com\/campeonatos\/005\" frameborder=\"0\" width=\"1000px\" height=\"2400\" align=\"center\"><\/iframe>\n","protected":false},"excerpt":{"rendered":"<p>Fecha y lugar: Fecha: 20\/01\/2018 Lugar: Torrijos Hora de Comienzo: Sesi\u00f3n 1, 11:00, Sesi\u00f3n 2, 16:30 Hora de Calentamiento: 10:00 y 16:00 Documentaci\u00f3n Normativa de la competici\u00f3n Normas T\u00e9cnicas Sumario Participantes Inscripciones Totales Listas de Salida:\u00a0Sesion\u00a01\u00a0&#8211;\u00a0Sesion\u00a02 Resultados completos: Sesion\u00a01\u00a0&#8211;\u00a0Sesion\u00a02<\/p>\n","protected":false},"author":588,"featured_media":0,"parent":0,"menu_order":0,"comment_status":"closed","ping_status":"closed","template":"","meta":{"_genesis_hide_title":false,"_genesis_hide_breadcrumbs":false,"_genesis_hide_singular_image":false,"_genesis_hide_footer_widgets":false,"_genesis_custom_body_class":"","_genesis_custom_post_class":"","_genesis_layout":"full-width-content","footnotes":""},"class_list":{"0":"post-36851","1":"page","2":"type-page","3":"status-publish","5":"entry"},"featured_image_src":null,"featured_image_src_square":null,"_links":{"self":[{"href":"https:\/\/www.fnclm.com\/wordpress\/index.php?rest_route=\/wp\/v2\/pages\/36851","targetHints":{"allow":["GET"]}}],"collection":[{"href":"https:\/\/www.fnclm.com\/wordpress\/index.php?rest_route=\/wp\/v2\/pages"}],"about":[{"href":"https:\/\/www.fnclm.com\/wordpress\/index.php?rest_route=\/wp\/v2\/types\/page"}],"author":[{"embeddable":true,"href":"https:\/\/www.fnclm.com\/wordpress\/index.php?rest_route=\/wp\/v2\/users\/588"}],"replies":[{"embeddable":true,"href":"https:\/\/www.fnclm.com\/wordpress\/index.php?rest_route=%2Fwp%2Fv2%2Fcomments&post=36851"}],"version-history":[{"count":6,"href":"https:\/\/www.fnclm.com\/wordpress\/index.php?rest_route=\/wp\/v2\/pages\/36851\/revisions"}],"predecessor-version":[{"id":36956,"href":"https:\/\/www.fnclm.com\/wordpress\/index.php?rest_route=\/wp\/v2\/pages\/36851\/revisions\/36956"}],"wp:attachment":[{"href":"https:\/\/www.fnclm.com\/wordpress\/index.php?rest_route=%2Fwp%2Fv2%2Fmedia&parent=36851"}],"curies":[{"name":"wp","href":"https:\/\/api.w.org\/{rel}","templated":true}]}}